{"id":379,"date":"2025-09-27T22:35:01","date_gmt":"2025-09-27T14:35:01","guid":{"rendered":"https:\/\/ptfesuppliers.com\/?post_type=product&#038;p=379"},"modified":"2026-04-13T16:20:56","modified_gmt":"2026-04-13T08:20:56","slug":"custom-100-virgin-ptfe-rod-product-ptfe-teflon-rod","status":"publish","type":"product","link":"https:\/\/ptfesuppliers.com\/es\/product\/custom-100-virgin-ptfe-rod-product-ptfe-teflon-rod\/","title":{"rendered":"Varilla de PTFE virgen 100% personalizada, producto de varilla de tefl\u00f3n PTFE"},"content":{"rendered":"<p>The Chunhuan PTFE Virgin Extruded Rod range starts from 4mm to 160mm and is available in 1 or 2Mtr lengths.<br \/>\nThe Moulded Rod range starts at 30mm diameter and is available in various lengths up to 300mm.<\/p>\n<h2>Detalle<\/h2>\n<p>Excelente resistencia qu\u00edmica:<br \/>\nResistente a \u00e1cidos fuertes, \u00e1lcalis y la mayor\u00eda de disolventes org\u00e1nicos, adecuado para uso en entornos corrosivos.<\/p>\n<table style=\"width: 87.4684%;\" width=\"589\">\n<tbody>\n<tr>\n<td style=\"width: 29.9942%;\" width=\"185\">Diameter(mm)<\/td>\n<td style=\"width: 36.3268%;\" width=\"210\">Dia.\u00a0Tolerance(mm)<\/td>\n<td style=\"width: 87.8432%;\" width=\"194\">Length(mm)<\/td>\n<\/tr>\n<tr>\n<td style=\"width: 29.9942%;\">4~9<\/td>\n<td style=\"width: 36.3268%;\">+0.48~0.58<\/td>\n<td style=\"width: 87.8432%;\">1000\/2000<\/td>\n<\/tr>\n<tr>\n<td style=\"width: 29.9942%;\">10~50<\/td>\n<td style=\"width: 36.3268%;\">+1.1~1.6<\/td>\n<td style=\"width: 87.8432%;\">1000\/2000<\/td>\n<\/tr>\n<tr>\n<td style=\"width: 29.9942%;\">55~200<\/td>\n<td style=\"width: 36.3268%;\">+2.0~5.0<\/td>\n<td style=\"width: 87.8432%;\">1000\/2000<\/td>\n<\/tr>\n<tr>\n<td style=\"width: 29.9942%;\">Art\u00edculo<\/td>\n<td style=\"width: 36.3268%;\">Unidad<\/td>\n<td style=\"width: 87.8432%;\">Valor<\/td>\n<\/tr>\n<tr>\n<td style=\"width: 29.9942%;\">Gravedad<\/td>\n<td style=\"width: 36.3268%;\">g\/cm3<\/td>\n<td style=\"width: 87.8432%;\">2.10-2.30<\/td>\n<\/tr>\n<tr>\n<td style=\"width: 29.9942%;\">Resistencia a la tracci\u00f3n<\/td>\n<td style=\"width: 36.3268%;\">MPa<\/td>\n<td style=\"width: 87.8432%;\">more than\u00a014<\/td>\n<\/tr>\n<tr>\n<td style=\"width: 29.9942%;\">Rotura por elongaci\u00f3n<\/td>\n<td style=\"width: 36.3268%;\">%<\/td>\n<td style=\"width: 87.8432%;\">more than\u00a0140<\/td>\n<\/tr>\n<\/tbody>\n<\/table>\n<p>&nbsp;<\/p>","protected":false},"excerpt":{"rendered":"<p>Porcentaje de contracci\u00f3n:\uff1c0,4%<br \/>\nResistencia a la tracci\u00f3n: 25-45 MPa<br \/>\nDensidad: 2,1\u20132,2 g\/m\u00b3<br \/>\nAlargamiento de rotura: 200-350%<br \/>\nResistencia a la compresi\u00f3n: 24 MPa<br \/>\nTemperatura de trabajo: -180~260\u00baC<br \/>\nPunto de fusi\u00f3n: 330\u00baC<br \/>\nTemperatura m\u00e1xima de producci\u00f3n: 390 \u00baC<\/p>","protected":false},"featured_media":4057,"comment_status":"closed","ping_status":"closed","template":"","meta":[],"product_brand":[],"product_cat":[35,37],"product_tag":[],"class_list":{"0":"post-379","1":"product","2":"type-product","3":"status-publish","4":"has-post-thumbnail","6":"product_cat-ptfe-products","7":"product_cat-ptfe-rod","9":"first","10":"instock","11":"shipping-taxable","12":"product-type-simple"},"gallery_images":[425,424,426],"_links":{"self":[{"href":"https:\/\/ptfesuppliers.com\/es\/wp-json\/wp\/v2\/product\/379","targetHints":{"allow":["GET"]}}],"collection":[{"href":"https:\/\/ptfesuppliers.com\/es\/wp-json\/wp\/v2\/product"}],"about":[{"href":"https:\/\/ptfesuppliers.com\/es\/wp-json\/wp\/v2\/types\/product"}],"replies":[{"embeddable":true,"href":"https:\/\/ptfesuppliers.com\/es\/wp-json\/wp\/v2\/comments?post=379"}],"wp:featuredmedia":[{"embeddable":true,"href":"https:\/\/ptfesuppliers.com\/es\/wp-json\/wp\/v2\/media\/4057"}],"wp:attachment":[{"href":"https:\/\/ptfesuppliers.com\/es\/wp-json\/wp\/v2\/media?parent=379"}],"wp:term":[{"taxonomy":"product_brand","embeddable":true,"href":"https:\/\/ptfesuppliers.com\/es\/wp-json\/wp\/v2\/product_brand?post=379"},{"taxonomy":"product_cat","embeddable":true,"href":"https:\/\/ptfesuppliers.com\/es\/wp-json\/wp\/v2\/product_cat?post=379"},{"taxonomy":"product_tag","embeddable":true,"href":"https:\/\/ptfesuppliers.com\/es\/wp-json\/wp\/v2\/product_tag?post=379"}],"curies":[{"name":"wp","href":"https:\/\/api.w.org\/{rel}","templated":true}]}}