{"id":382,"date":"2025-09-27T22:35:01","date_gmt":"2025-09-27T14:35:01","guid":{"rendered":"https:\/\/ptfesuppliers.com\/?post_type=product&#038;p=382"},"modified":"2026-03-12T17:07:39","modified_gmt":"2026-03-12T09:07:39","slug":"colorful-compressive-strength-hydraulic-seals-ptfe-filled-tube","status":"publish","type":"product","link":"https:\/\/ptfesuppliers.com\/es\/product\/colorful-compressive-strength-hydraulic-seals-ptfe-filled-tube\/","title":{"rendered":"Sellos hidr\u00e1ulicos de resistencia a la compresi\u00f3n de colores, tubo relleno de PTFE"},"content":{"rendered":"<p>Las tuber\u00edas de pl\u00e1stico de ingenier\u00eda de alto rendimiento est\u00e1n fabricadas con politetrafluoroetileno (PTFE) y rellenas con aditivos espec\u00edficos para optimizar su rendimiento seg\u00fan las necesidades del cliente. Este tipo de tuber\u00eda ofrece excelente resistencia qu\u00edmica y a altas temperaturas, bajo coeficiente de fricci\u00f3n y buen aislamiento, y se utiliza ampliamente en los sectores industrial, m\u00e9dico, electr\u00f3nico, automotriz y otros.<\/p>\n<h2>Detalle<\/h2>\n<p><strong>Excelente resistencia qu\u00edmica:<\/strong><br \/>\nResistente a \u00e1cidos fuertes, \u00e1lcalis y la mayor\u00eda de disolventes org\u00e1nicos, adecuado para entornos corrosivos.<\/p>\n<p><strong>Resistencia a altas temperaturas:<\/strong><\/p>\n<p>Funcionamiento estable de -200 \u00b0C a +260 \u00b0C para aplicaciones de alta temperatura.<\/p>\n<table style=\"width: 88.8398%; height: 173px;\" width=\"929\">\n<tbody>\n<tr style=\"height: 24px;\">\n<td style=\"width: 19.4384%; height: 24px;\" width=\"176\">Art\u00edculo<\/td>\n<td style=\"width: 11.0151%; height: 24px;\" width=\"98\">Unidad<\/td>\n<td style=\"width: 21.9222%; height: 24px;\" width=\"256\">60% Bronce<\/td>\n<td style=\"width: 27.0315%; height: 24px;\" width=\"271\">15% Fibra de vidrio 5% grafito<\/td>\n<td style=\"width: 29.3825%; height: 24px;\" colspan=\"2\" width=\"128\">20% Fibra de carbono<\/td>\n<\/tr>\n<tr style=\"height: 29px;\">\n<td style=\"width: 19.4384%; height: 29px;\">Densidad<\/td>\n<td style=\"width: 11.0151%; height: 29px;\">g\/m3<\/td>\n<td style=\"width: 21.9222%; height: 29px;\">3.9<\/td>\n<td style=\"width: 27.0315%; height: 29px;\">2.22<\/td>\n<td style=\"width: 29.3825%; height: 29px;\" colspan=\"2\">2.01<\/td>\n<\/tr>\n<tr style=\"height: 24px;\">\n<td style=\"width: 19.4384%; height: 24px;\">Resistencia a la tracci\u00f3n<\/td>\n<td style=\"width: 11.0151%; height: 24px;\">MPa<\/td>\n<td style=\"width: 21.9222%; height: 24px;\">127<\/td>\n<td style=\"width: 27.0315%; height: 24px;\">158<\/td>\n<td style=\"width: 29.3825%; height: 24px;\" colspan=\"2\">189<\/td>\n<\/tr>\n<tr style=\"height: 24px;\">\n<td style=\"width: 19.4384%; height: 24px;\">Alargamiento a la rotura<\/td>\n<td style=\"width: 11.0151%; height: 24px;\">%<\/td>\n<td style=\"width: 21.9222%; height: 24px;\">101<\/td>\n<td style=\"width: 27.0315%; height: 24px;\">205<\/td>\n<td style=\"width: 29.3825%; height: 24px;\" colspan=\"2\">92<\/td>\n<\/tr>\n<tr style=\"height: 24px;\">\n<td style=\"width: 19.4384%; height: 24px;\">Dureza Rocwell<\/td>\n<td style=\"width: 11.0151%; height: 24px;\">\u2013<\/td>\n<td style=\"width: 21.9222%; height: 24px;\">33.8<\/td>\n<td style=\"width: 27.0315%; height: 24px;\">11.3<\/td>\n<td style=\"width: 15.1146%; height: 24px;\" colspan=\"2\">32.1<\/td>\n<\/tr>\n<tr style=\"height: 24px;\">\n<td style=\"width: 19.4384%; height: 24px;\">Coeficiente de fricci\u00f3n<\/td>\n<td style=\"width: 11.0151%; height: 24px;\">\u2013<\/td>\n<td style=\"width: 21.9222%; height: 24px;\">0.18-0.2<\/td>\n<td style=\"width: 27.0315%; height: 24px;\">0.15-0.17<\/td>\n<td style=\"width: 15.1146%; height: 24px;\" colspan=\"2\">0.16-0.18<\/td>\n<\/tr>\n<tr style=\"height: 24px;\">\n<td style=\"width: 19.4384%; height: 24px;\">Resistencia a la flexi\u00f3n<\/td>\n<td style=\"width: 11.0151%; height: 24px;\">\u00b0C<\/td>\n<td style=\"width: 21.9222%; height: 24px;\">280<\/td>\n<td style=\"width: 27.0315%; height: 24px;\">225<\/td>\n<td style=\"width: 15.1146%; height: 24px;\" colspan=\"2\">320<\/td>\n<\/tr>\n<\/tbody>\n<\/table>\n<p>&nbsp;<\/p>","protected":false},"excerpt":{"rendered":"<p>Resistencia a la tracci\u00f3n: 30 ~ 40 MPa<br \/>\nPunto de fusi\u00f3n: 327<br \/>\nDensidad: 2,4\u20132,7 g\/cm3<br \/>\nPorcentaje de contracci\u00f3n:\uff1c0,4%<br \/>\nC\u00f3digo HS: 39209910<br \/>\nCapacidad de producci\u00f3n: 60 toneladas\/mes<br \/>\nServicio: OEMODM<br \/>\nResistencia al fuego: V -0<\/p>","protected":false},"featured_media":3707,"comment_status":"closed","ping_status":"closed","template":"","meta":[],"product_brand":[],"product_cat":[35,38],"product_tag":[],"class_list":{"0":"post-382","1":"product","2":"type-product","3":"status-publish","4":"has-post-thumbnail","6":"product_cat-ptfe-products","7":"product_cat-ptfe-tube","9":"first","10":"instock","11":"shipping-taxable","12":"product-type-simple"},"gallery_images":[436,435,437],"_links":{"self":[{"href":"https:\/\/ptfesuppliers.com\/es\/wp-json\/wp\/v2\/product\/382","targetHints":{"allow":["GET"]}}],"collection":[{"href":"https:\/\/ptfesuppliers.com\/es\/wp-json\/wp\/v2\/product"}],"about":[{"href":"https:\/\/ptfesuppliers.com\/es\/wp-json\/wp\/v2\/types\/product"}],"replies":[{"embeddable":true,"href":"https:\/\/ptfesuppliers.com\/es\/wp-json\/wp\/v2\/comments?post=382"}],"wp:featuredmedia":[{"embeddable":true,"href":"https:\/\/ptfesuppliers.com\/es\/wp-json\/wp\/v2\/media\/3707"}],"wp:attachment":[{"href":"https:\/\/ptfesuppliers.com\/es\/wp-json\/wp\/v2\/media?parent=382"}],"wp:term":[{"taxonomy":"product_brand","embeddable":true,"href":"https:\/\/ptfesuppliers.com\/es\/wp-json\/wp\/v2\/product_brand?post=382"},{"taxonomy":"product_cat","embeddable":true,"href":"https:\/\/ptfesuppliers.com\/es\/wp-json\/wp\/v2\/product_cat?post=382"},{"taxonomy":"product_tag","embeddable":true,"href":"https:\/\/ptfesuppliers.com\/es\/wp-json\/wp\/v2\/product_tag?post=382"}],"curies":[{"name":"wp","href":"https:\/\/api.w.org\/{rel}","templated":true}]}}