{"id":440,"date":"2025-09-27T22:35:23","date_gmt":"2025-09-27T14:35:23","guid":{"rendered":"https:\/\/ptfesuppliers.com\/?post_type=product&#038;p=440"},"modified":"2026-04-13T16:04:09","modified_gmt":"2026-04-13T08:04:09","slug":"high-quality-cost-effective-filled-materails-part-process-drawing-ptfe-machined-parts","status":"publish","type":"product","link":"https:\/\/ptfesuppliers.com\/es\/product\/high-quality-cost-effective-filled-materails-part-process-drawing-ptfe-machined-parts\/","title":{"rendered":"High Quality Cost Effective Filled Materails Part Process Drawing PTFE Machined Parts"},"content":{"rendered":"<p>PTFE sheet is made using suspension polymerization of PTFE resin molding. It has the best chemical resistance of known plastics and does not age. It has the best coefficient of friction in known solid materials and can be used at -180 \u00b0C to +260 \u00b0\u00b0Cwithout load.<\/p>\n<h2>Detalle<\/h2>\n<p><strong>Excelente resistencia qu\u00edmica:<\/strong><br \/>\nResistente a \u00e1cidos fuertes, \u00e1lcalis y la mayor\u00eda de disolventes org\u00e1nicos, adecuado para entornos corrosivos.<\/p>\n<p><strong>Resistencia a altas temperaturas:<\/strong><\/p>\n<p>Funcionamiento estable de -200 \u00b0C a +260 \u00b0C para aplicaciones de alta temperatura.<\/p>\n<table style=\"width: 49.4685%;\" width=\"339\">\n<tbody>\n<tr>\n<td style=\"width: 35.0065%;\" width=\"148\">Art\u00edculo<\/td>\n<td style=\"width: 32.101%;\" width=\"89\">Unidad<\/td>\n<td style=\"width: 87.4542%;\" width=\"102\">Valor<\/td>\n<\/tr>\n<tr>\n<td style=\"width: 35.0065%;\">Gravedad<\/td>\n<td style=\"width: 32.101%;\">g\/cm3<\/td>\n<td style=\"width: 87.4542%;\">2.10-2.3<\/td>\n<\/tr>\n<tr>\n<td style=\"width: 35.0065%;\">Resistencia a la tracci\u00f3n<\/td>\n<td style=\"width: 32.101%;\">MPa<\/td>\n<td style=\"width: 87.4542%;\">m\u00e1s de 15<\/td>\n<\/tr>\n<tr>\n<td style=\"width: 35.0065%;\">Rotura por elongaci\u00f3n<\/td>\n<td style=\"width: 32.101%;\">%<\/td>\n<td style=\"width: 87.4542%;\">m\u00e1s de 150<\/td>\n<\/tr>\n<tr>\n<td style=\"width: 35.0065%;\">Rigidez diel\u00e9ctrica<\/td>\n<td style=\"width: 32.101%;\">Kv\/mm<\/td>\n<td style=\"width: 87.4542%;\">10<\/td>\n<\/tr>\n<\/tbody>\n<\/table>\n<p>&nbsp;<\/p>","protected":false},"excerpt":{"rendered":"<p>Gravity: 2.10-2.3G\/Cm3<br \/>\nTensile Strength: More Than 15MPa<br \/>\nElongation Break: More Than 150%<br \/>\nRigidez diel\u00e9ctrica: 10 kV\/mm<br \/>\nPaquete de transporte: Cajas de madera<br \/>\nSpecification: As per Your Requirement<br \/>\nC\u00f3digo HS: 39209910<br \/>\nProduction Capacity: 50 tons\/Month<\/p>","protected":false},"featured_media":4045,"comment_status":"closed","ping_status":"closed","template":"","meta":[],"product_brand":[],"product_cat":[35],"product_tag":[],"class_list":{"0":"post-440","1":"product","2":"type-product","3":"status-publish","4":"has-post-thumbnail","6":"product_cat-ptfe-products","8":"first","9":"instock","10":"shipping-taxable","11":"product-type-simple"},"gallery_images":[483,484,485,482],"_links":{"self":[{"href":"https:\/\/ptfesuppliers.com\/es\/wp-json\/wp\/v2\/product\/440","targetHints":{"allow":["GET"]}}],"collection":[{"href":"https:\/\/ptfesuppliers.com\/es\/wp-json\/wp\/v2\/product"}],"about":[{"href":"https:\/\/ptfesuppliers.com\/es\/wp-json\/wp\/v2\/types\/product"}],"replies":[{"embeddable":true,"href":"https:\/\/ptfesuppliers.com\/es\/wp-json\/wp\/v2\/comments?post=440"}],"wp:featuredmedia":[{"embeddable":true,"href":"https:\/\/ptfesuppliers.com\/es\/wp-json\/wp\/v2\/media\/4045"}],"wp:attachment":[{"href":"https:\/\/ptfesuppliers.com\/es\/wp-json\/wp\/v2\/media?parent=440"}],"wp:term":[{"taxonomy":"product_brand","embeddable":true,"href":"https:\/\/ptfesuppliers.com\/es\/wp-json\/wp\/v2\/product_brand?post=440"},{"taxonomy":"product_cat","embeddable":true,"href":"https:\/\/ptfesuppliers.com\/es\/wp-json\/wp\/v2\/product_cat?post=440"},{"taxonomy":"product_tag","embeddable":true,"href":"https:\/\/ptfesuppliers.com\/es\/wp-json\/wp\/v2\/product_tag?post=440"}],"curies":[{"name":"wp","href":"https:\/\/api.w.org\/{rel}","templated":true}]}}