{"id":447,"date":"2025-09-27T22:35:23","date_gmt":"2025-09-27T14:35:23","guid":{"rendered":"https:\/\/ptfesuppliers.com\/?post_type=product&#038;p=447"},"modified":"2026-04-13T13:53:02","modified_gmt":"2026-04-13T05:53:02","slug":"high-purity-ptfe-cnc-machined-gaskets-for-high-voltage-connectors","status":"publish","type":"product","link":"https:\/\/ptfesuppliers.com\/es\/product\/high-purity-ptfe-cnc-machined-gaskets-for-high-voltage-connectors\/","title":{"rendered":"Juntas de PTFE de alta pureza mecanizadas por CNC para conectores de alta tensi\u00f3n"},"content":{"rendered":"<p>PTFE sheet is made using suspension polymerization of PTFE resin molding. It has the best chemical resistance of known plastics and does not age. It has the best coefficient of friction in known solid materials and can be used at -180 \u00b0C to +260 \u00b0\u00b0Cwithout load.<\/p>\n<p>Detalle<\/p>\n<p>Excelente resistencia qu\u00edmica:<br \/>\nResistente a \u00e1cidos fuertes, \u00e1lcalis y la mayor\u00eda de disolventes org\u00e1nicos, adecuado para entornos corrosivos.<\/p>\n<p>Resistencia a altas temperaturas:<\/p>\n<p>Funcionamiento estable de -200 \u00b0C a +260 \u00b0C para aplicaciones de alta temperatura.<\/p>\n<table style=\"width: 60.1319%;\" width=\"415\">\n<tbody>\n<tr>\n<td style=\"width: 35.1855%;\" width=\"162\">Art\u00edculo<\/td>\n<td style=\"width: 33.3483%;\" width=\"119\">Unidad<\/td>\n<td style=\"width: 86.7561%;\" width=\"134\">Valor<\/td>\n<\/tr>\n<tr>\n<td style=\"width: 35.1855%;\">Gravedad<\/td>\n<td style=\"width: 33.3483%;\">g\/cm3<\/td>\n<td style=\"width: 86.7561%;\">2.10-2.3<\/td>\n<\/tr>\n<tr>\n<td style=\"width: 35.1855%;\">Resistencia a la tracci\u00f3n<\/td>\n<td style=\"width: 33.3483%;\">MPa<\/td>\n<td style=\"width: 86.7561%;\">m\u00e1s de 15<\/td>\n<\/tr>\n<tr>\n<td style=\"width: 35.1855%;\">Rotura por elongaci\u00f3n<\/td>\n<td style=\"width: 33.3483%;\">%<\/td>\n<td style=\"width: 86.7561%;\">m\u00e1s de 150<\/td>\n<\/tr>\n<tr>\n<td style=\"width: 35.1855%;\">Rigidez diel\u00e9ctrica<\/td>\n<td style=\"width: 33.3483%;\">Kv\/mm<\/td>\n<td style=\"width: 86.7561%;\">10<\/td>\n<\/tr>\n<\/tbody>\n<\/table>","protected":false},"excerpt":{"rendered":"<p>Tensile Strength: More Than 15MPa<br \/>\nElongation Break: More Than 150%<br \/>\nDielectric Strength:10kv\/mm<br \/>\nGravity:2.10-2.3G\/Cm3<br \/>\nC\u00f3digo HS: 39209910<br \/>\nProduction Capacity:50tons\/Month<br \/>\nPaquete de transporte: Cajas de madera<br \/>\nTemperature: Mechanical Seal<\/p>","protected":false},"featured_media":4038,"comment_status":"closed","ping_status":"closed","template":"","meta":[],"product_brand":[],"product_cat":[35,40],"product_tag":[],"class_list":{"0":"post-447","1":"product","2":"type-product","3":"status-publish","4":"has-post-thumbnail","6":"product_cat-ptfe-products","7":"product_cat-cnc-machined-parts","9":"first","10":"instock","11":"shipping-taxable","12":"product-type-simple"},"gallery_images":[496,497,495],"_links":{"self":[{"href":"https:\/\/ptfesuppliers.com\/es\/wp-json\/wp\/v2\/product\/447","targetHints":{"allow":["GET"]}}],"collection":[{"href":"https:\/\/ptfesuppliers.com\/es\/wp-json\/wp\/v2\/product"}],"about":[{"href":"https:\/\/ptfesuppliers.com\/es\/wp-json\/wp\/v2\/types\/product"}],"replies":[{"embeddable":true,"href":"https:\/\/ptfesuppliers.com\/es\/wp-json\/wp\/v2\/comments?post=447"}],"wp:featuredmedia":[{"embeddable":true,"href":"https:\/\/ptfesuppliers.com\/es\/wp-json\/wp\/v2\/media\/4038"}],"wp:attachment":[{"href":"https:\/\/ptfesuppliers.com\/es\/wp-json\/wp\/v2\/media?parent=447"}],"wp:term":[{"taxonomy":"product_brand","embeddable":true,"href":"https:\/\/ptfesuppliers.com\/es\/wp-json\/wp\/v2\/product_brand?post=447"},{"taxonomy":"product_cat","embeddable":true,"href":"https:\/\/ptfesuppliers.com\/es\/wp-json\/wp\/v2\/product_cat?post=447"},{"taxonomy":"product_tag","embeddable":true,"href":"https:\/\/ptfesuppliers.com\/es\/wp-json\/wp\/v2\/product_tag?post=447"}],"curies":[{"name":"wp","href":"https:\/\/api.w.org\/{rel}","templated":true}]}}