{"id":451,"date":"2025-09-27T22:35:23","date_gmt":"2025-09-27T14:35:23","guid":{"rendered":"https:\/\/ptfesuppliers.com\/?post_type=product&#038;p=451"},"modified":"2026-04-13T13:41:40","modified_gmt":"2026-04-13T05:41:40","slug":"green-filled-customizable-size-color-and-shape-ptfe-molded-sheets","status":"publish","type":"product","link":"https:\/\/ptfesuppliers.com\/es\/product\/green-filled-customizable-size-color-and-shape-ptfe-molded-sheets\/","title":{"rendered":"Green-Filled Customizable Size, Color, And Shape PTFE Molded Sheets"},"content":{"rendered":"<p>High-performance engineering plastic sheets are made of polytetrafluoroethylene (PTFE) material and filled with specific additives to enhance their performance according to customer requirements. This kind of pipe has excellent chemical resistance, high temperature resistance, low friction coefficient, and good insulation performance, and is widely used in industrial, medical, electronic, automotive, and other fields.<\/p>\n<h2><strong>Detalle<\/strong><\/h2>\n<p><strong>Excelente resistencia qu\u00edmica:<\/strong><\/p>\n<p>Resistente a \u00e1cidos fuertes, \u00e1lcalis y la mayor\u00eda de disolventes org\u00e1nicos, adecuado para uso en entornos corrosivos.<\/p>\n<p><strong>Resistencia a altas temperaturas:<\/strong><\/p>\n<p>Stable operation from -180\u00b0C to +260\u00b0C for high temperature applications.<\/p>\n<table style=\"width: 71.4676%;\" width=\"339\">\n<tbody>\n<tr>\n<td style=\"width: 30.1566%;\" width=\"148\">Art\u00edculo<\/td>\n<td style=\"width: 25.1664%;\" width=\"89\">Unidad<\/td>\n<td style=\"width: 143.664%;\" width=\"102\">Molded PTFE\u00a0 Sheet<\/td>\n<\/tr>\n<tr>\n<td style=\"width: 30.1566%;\">Densidad<\/td>\n<td style=\"width: 25.1664%;\">g\/m3<\/td>\n<td style=\"width: 143.664%;\">2.3 &#8211; 2.33<\/td>\n<\/tr>\n<tr>\n<td style=\"width: 30.1566%;\">Resistencia a la tracci\u00f3n<\/td>\n<td style=\"width: 25.1664%;\">MPa<\/td>\n<td style=\"width: 143.664%;\">20 &#8211; 35<\/td>\n<\/tr>\n<tr>\n<td style=\"width: 30.1566%;\">Alargamiento a la rotura<\/td>\n<td style=\"width: 25.1664%;\">%<\/td>\n<td style=\"width: 143.664%;\">200% &#8211; 400%<\/td>\n<\/tr>\n<tr>\n<td style=\"width: 30.1566%;\">Dureza Rocwell<\/td>\n<td style=\"width: 25.1664%;\">\u2013<\/td>\n<td style=\"width: 143.664%;\">R50 &#8211; R60<\/td>\n<\/tr>\n<tr>\n<td style=\"width: 30.1566%;\">Coeficiente de fricci\u00f3n<\/td>\n<td style=\"width: 25.1664%;\">\u2013<\/td>\n<td style=\"width: 143.664%;\">0.05 &#8211; 0.10<\/td>\n<\/tr>\n<tr>\n<td style=\"width: 30.1566%;\">Resistencia a la flexi\u00f3n<\/td>\n<td style=\"width: 25.1664%;\">MPa<\/td>\n<td style=\"width: 143.664%;\">10 &#8211; 20<\/td>\n<\/tr>\n<\/tbody>\n<\/table>","protected":false},"excerpt":{"rendered":"<p>Length: -2000mm<br \/>\nWidth: -2000mm<br \/>\nTensile Strength: 20 &#8211; 35<br \/>\nFriction Coefficient: 0.05 &#8211; 0.10<br \/>\nThickness: 5mm-<br \/>\nC\u00f3digo HS: 39209910<br \/>\nProduction Capacity: 25 tons\/Month<\/p>","protected":false},"featured_media":4033,"comment_status":"closed","ping_status":"closed","template":"","meta":[],"product_brand":[],"product_cat":[35,36],"product_tag":[],"class_list":{"0":"post-451","1":"product","2":"type-product","3":"status-publish","4":"has-post-thumbnail","6":"product_cat-ptfe-products","7":"product_cat-ptfe-sheet","9":"first","10":"instock","11":"shipping-taxable","12":"product-type-simple"},"gallery_images":[511,512,513],"_links":{"self":[{"href":"https:\/\/ptfesuppliers.com\/es\/wp-json\/wp\/v2\/product\/451","targetHints":{"allow":["GET"]}}],"collection":[{"href":"https:\/\/ptfesuppliers.com\/es\/wp-json\/wp\/v2\/product"}],"about":[{"href":"https:\/\/ptfesuppliers.com\/es\/wp-json\/wp\/v2\/types\/product"}],"replies":[{"embeddable":true,"href":"https:\/\/ptfesuppliers.com\/es\/wp-json\/wp\/v2\/comments?post=451"}],"wp:featuredmedia":[{"embeddable":true,"href":"https:\/\/ptfesuppliers.com\/es\/wp-json\/wp\/v2\/media\/4033"}],"wp:attachment":[{"href":"https:\/\/ptfesuppliers.com\/es\/wp-json\/wp\/v2\/media?parent=451"}],"wp:term":[{"taxonomy":"product_brand","embeddable":true,"href":"https:\/\/ptfesuppliers.com\/es\/wp-json\/wp\/v2\/product_brand?post=451"},{"taxonomy":"product_cat","embeddable":true,"href":"https:\/\/ptfesuppliers.com\/es\/wp-json\/wp\/v2\/product_cat?post=451"},{"taxonomy":"product_tag","embeddable":true,"href":"https:\/\/ptfesuppliers.com\/es\/wp-json\/wp\/v2\/product_tag?post=451"}],"curies":[{"name":"wp","href":"https:\/\/api.w.org\/{rel}","templated":true}]}}