{"id":709,"date":"2025-09-27T22:36:35","date_gmt":"2025-09-27T14:36:35","guid":{"rendered":"https:\/\/ptfesuppliers.com\/?post_type=product&#038;p=709"},"modified":"2026-04-08T11:17:40","modified_gmt":"2026-04-08T03:17:40","slug":"precision-cnc-machined-ptfe-fittings-for-chemical-and-high-purity-applications","status":"publish","type":"product","link":"https:\/\/ptfesuppliers.com\/es\/product\/precision-cnc-machined-ptfe-fittings-for-chemical-and-high-purity-applications\/","title":{"rendered":"Accesorios de PTFE mecanizados con precisi\u00f3n CNC para aplicaciones qu\u00edmicas y de alta pureza"},"content":{"rendered":"<p data-start=\"1127\" data-end=\"1498\">Nuestro <strong data-start=\"1131\" data-end=\"1171\">Accesorios de PTFE mecanizados con precisi\u00f3n por CNC<\/strong> Est\u00e1n fabricados con politetrafluoroetileno (PTFE) de primera calidad, un material conocido por su excepcional inercia qu\u00edmica y resistencia a condiciones extremas. Estos accesorios est\u00e1n dise\u00f1ados para satisfacer las exigencias de entornos de alta pureza y qu\u00edmicamente agresivos, garantizando la transferencia segura y eficiente de fluidos y gases sensibles.<\/p>\n<p data-start=\"1500\" data-end=\"1838\">Estos accesorios son ideales para industrias como <strong data-start=\"1545\" data-end=\"1595\">semiconductores, energ\u00eda fotovoltaica, productos farmac\u00e9uticos<\/strong>, y <strong data-start=\"1601\" data-end=\"1624\">procesamiento qu\u00edmico<\/strong>, Donde la integridad del medio transportado es crucial. El avanzado proceso de mecanizado CNC permite formas y tama\u00f1os altamente personalizables, garantizando que cada accesorio cumpla con los requisitos espec\u00edficos de su aplicaci\u00f3n.<\/p>\n<p data-start=\"1840\" data-end=\"1857\"><strong data-start=\"1840\" data-end=\"1857\">Caracter\u00edsticas principales:<\/strong><\/p>\n<ul data-start=\"1858\" data-end=\"2911\">\n<li data-start=\"1858\" data-end=\"2061\">\n<p data-start=\"1860\" data-end=\"2061\"><strong data-start=\"1860\" data-end=\"1884\">Resistencia qu\u00edmica:<\/strong> El PTFE es conocido por su excelente resistencia a casi todos los \u00e1cidos fuertes, \u00e1lcalis y solventes org\u00e1nicos, lo que lo hace perfecto para manipular productos qu\u00edmicos agresivos sin contaminaci\u00f3n.<\/p>\n<\/li>\n<li data-start=\"2062\" data-end=\"2236\">\n<p data-start=\"2064\" data-end=\"2236\"><strong data-start=\"2064\" data-end=\"2092\">Rendimiento de alta pureza:<\/strong> Estos accesorios garantizan que sus sistemas mantengan una alta pureza, evitando la contaminaci\u00f3n de medios de alto valor como agua ultrapura y productos qu\u00edmicos.<\/p>\n<\/li>\n<li data-start=\"2237\" data-end=\"2473\">\n<p data-start=\"2239\" data-end=\"2473\"><strong data-start=\"2239\" data-end=\"2274\">Resistencia a temperaturas extremas:<\/strong> El material puede soportar temperaturas desde <strong data-start=\"2320\" data-end=\"2340\">-200\u00b0C a +260\u00b0C<\/strong>, e incluso puede soportar una breve exposici\u00f3n a temperaturas de hasta <strong data-start=\"2399\" data-end=\"2408\">300\u00b0C<\/strong>, lo que lo hace adecuado para una amplia gama de entornos industriales.<\/p>\n<\/li>\n<li data-start=\"2474\" data-end=\"2665\">\n<p data-start=\"2476\" data-end=\"2665\"><strong data-start=\"2476\" data-end=\"2518\">Propiedades antiadherentes y de baja fricci\u00f3n:<\/strong> El bajo coeficiente de fricci\u00f3n y la superficie lisa del PTFE garantizan que el flujo del fluido no presente obst\u00e1culos, lo que minimiza el desgaste y mejora la eficiencia del sistema.<\/p>\n<\/li>\n<li data-start=\"2666\" data-end=\"2908\">\n<p data-start=\"2668\" data-end=\"2908\"><strong data-start=\"2668\" data-end=\"2689\">Mecanizado personalizado:<\/strong> Estos accesorios se fabrican a pedido, ofreciendo tolerancias precisas y formas complejas adaptadas a las necesidades espec\u00edficas de su sistema. Las opciones de personalizaci\u00f3n incluyen tama\u00f1os, formas y configuraciones para satisfacer necesidades espec\u00edficas.<\/p>\n<\/li>\n<\/ul>\n<p data-start=\"2912\" data-end=\"3218\">Estos accesorios son esenciales para cualquier aplicaci\u00f3n con alta exposici\u00f3n a sustancias qu\u00edmicas y donde la limpieza es fundamental. Ya sea que trabaje con fluidos corrosivos en el procesamiento de semiconductores o necesite una soluci\u00f3n duradera para la fabricaci\u00f3n farmac\u00e9utica, estos accesorios de PTFE mecanizados por CNC ofrecen un rendimiento superior.<\/p>\n<h3 data-start=\"3220\" data-end=\"3237\">Aplicaciones:<\/h3>\n<ul data-start=\"3238\" data-end=\"3723\">\n<li data-start=\"3238\" data-end=\"3333\">\n<p data-start=\"3240\" data-end=\"3333\"><strong data-start=\"3240\" data-end=\"3272\">Fabricaci\u00f3n de semiconductores:<\/strong> Garantiza la transferencia libre de contaminaci\u00f3n de productos qu\u00edmicos ultrapuros.<\/p>\n<\/li>\n<li data-start=\"3334\" data-end=\"3427\">\n<p data-start=\"3336\" data-end=\"3427\"><strong data-start=\"3336\" data-end=\"3361\">Sistemas fotovoltaicos:<\/strong> Para el transporte seguro y confiable de soluciones qu\u00edmicamente reactivas.<\/p>\n<\/li>\n<li data-start=\"3428\" data-end=\"3529\">\n<p data-start=\"3430\" data-end=\"3529\"><strong data-start=\"3430\" data-end=\"3454\">Procesamiento qu\u00edmico:<\/strong> Ideal para manipular productos qu\u00edmicos agresivos en reactores, tuber\u00edas y tanques.<\/p>\n<\/li>\n<li data-start=\"3530\" data-end=\"3617\">\n<p data-start=\"3532\" data-end=\"3617\"><strong data-start=\"3532\" data-end=\"3562\">Productos farmac\u00e9uticos y biotecnolog\u00eda:<\/strong> Previene la contaminaci\u00f3n en la producci\u00f3n de medicamentos y vacunas.<\/p>\n<\/li>\n<li data-start=\"3618\" data-end=\"3723\">\n<p data-start=\"3620\" data-end=\"3723\"><strong data-start=\"3620\" data-end=\"3645\">Equipo de laboratorio:<\/strong> Proporciona conexiones no contaminantes en entornos de investigaci\u00f3n y an\u00e1lisis.<\/p>\n<\/li>\n<\/ul>\n<h3 data-start=\"3725\" data-end=\"3758\">\u00bfPor qu\u00e9 elegir nuestros accesorios de PTFE?<\/h3>\n<ul data-start=\"3759\" data-end=\"4410\">\n<li data-start=\"3759\" data-end=\"3944\">\n<p data-start=\"3761\" data-end=\"3944\"><strong data-start=\"3761\" data-end=\"3786\">Durabilidad inigualable:<\/strong> La resistencia del PTFE a altas temperaturas, productos qu\u00edmicos agresivos y presiones extremas garantiza un rendimiento duradero incluso en las aplicaciones industriales m\u00e1s dif\u00edciles.<\/p>\n<\/li>\n<li data-start=\"3945\" data-end=\"4086\">\n<p data-start=\"3947\" data-end=\"4086\"><strong data-start=\"3947\" data-end=\"3968\">Soluciones personalizadas:<\/strong> Ofrecemos dise\u00f1os personalizados para adaptarse a los requisitos exactos de su sistema, ofreciendo un rendimiento y una eficiencia superiores.<\/p>\n<\/li>\n<li data-start=\"4087\" data-end=\"4240\">\n<p data-start=\"4089\" data-end=\"4240\"><strong data-start=\"4089\" data-end=\"4110\">Sellado confiable:<\/strong> El mecanizado de precisi\u00f3n garantiza que cada accesorio ofrezca un sellado a prueba de fugas, evitando cualquier riesgo asociado a fallos del sistema.<\/p>\n<\/li>\n<li data-start=\"4241\" data-end=\"4410\">\n<p data-start=\"4243\" data-end=\"4410\"><strong data-start=\"4243\" data-end=\"4263\">Bajo mantenimiento:<\/strong> Con baja fricci\u00f3n y superficies internas lisas, nuestros accesorios ayudan a reducir las necesidades de mantenimiento, lo que contribuye a la eficiencia general de su sistema.<\/p>\n<\/li>\n<\/ul>\n<p data-start=\"4412\" data-end=\"4640\">Estos <strong data-start=\"4418\" data-end=\"4448\">Accesorios de PTFE mecanizados por CNC<\/strong> Son su soluci\u00f3n ideal para conexiones de alto rendimiento y bajo mantenimiento en industrias cr\u00edticas. Proteja su sistema, mejore sus procesos y garantice la pureza con nuestros confiables accesorios de PTFE.<\/p>","protected":false},"excerpt":{"rendered":"<p>Material: Politetrafluoroetileno (PTFE)<br \/>\nGrado: PTFE puro o PTFE modificado relleno<br \/>\nRango de temperatura: -200 \u00b0C a +260 \u00b0C (a corto plazo hasta 300 \u00b0C)<br \/>\nDensidad: 2,1-2,3 g\/cm\u00b3<br \/>\nResistencia a la tracci\u00f3n: \u2265 15,0 MPa<br \/>\nRigidez diel\u00e9ctrica: 10 kV\/mm<br \/>\nAlargamiento de rotura: \u2265 150%<br \/>\nAbsorci\u00f3n de agua: &lt;0,01%<br \/>\nPorcentaje de contracci\u00f3n: &lt;0,4%<br \/>\nPresi\u00f3n de trabajo: Aplicaciones de baja presi\u00f3n (vac\u00edo a baja presi\u00f3n)<br \/>\nPersonalizaci\u00f3n: Disponible para formas y tama\u00f1os complejos mediante mecanizado CNC<br \/>\nAplicaciones: Semiconductores, fotovoltaicos, farmac\u00e9uticos, procesamiento qu\u00edmico, sistemas de laboratorio.<\/p>","protected":false},"featured_media":3920,"comment_status":"closed","ping_status":"closed","template":"","meta":[],"product_brand":[],"product_cat":[35,40],"product_tag":[],"class_list":{"0":"post-709","1":"product","2":"type-product","3":"status-publish","4":"has-post-thumbnail","6":"product_cat-ptfe-products","7":"product_cat-cnc-machined-parts","9":"first","10":"instock","11":"shipping-taxable","12":"product-type-simple"},"gallery_images":[795,796,797,798,794],"_links":{"self":[{"href":"https:\/\/ptfesuppliers.com\/es\/wp-json\/wp\/v2\/product\/709","targetHints":{"allow":["GET"]}}],"collection":[{"href":"https:\/\/ptfesuppliers.com\/es\/wp-json\/wp\/v2\/product"}],"about":[{"href":"https:\/\/ptfesuppliers.com\/es\/wp-json\/wp\/v2\/types\/product"}],"replies":[{"embeddable":true,"href":"https:\/\/ptfesuppliers.com\/es\/wp-json\/wp\/v2\/comments?post=709"}],"wp:featuredmedia":[{"embeddable":true,"href":"https:\/\/ptfesuppliers.com\/es\/wp-json\/wp\/v2\/media\/3920"}],"wp:attachment":[{"href":"https:\/\/ptfesuppliers.com\/es\/wp-json\/wp\/v2\/media?parent=709"}],"wp:term":[{"taxonomy":"product_brand","embeddable":true,"href":"https:\/\/ptfesuppliers.com\/es\/wp-json\/wp\/v2\/product_brand?post=709"},{"taxonomy":"product_cat","embeddable":true,"href":"https:\/\/ptfesuppliers.com\/es\/wp-json\/wp\/v2\/product_cat?post=709"},{"taxonomy":"product_tag","embeddable":true,"href":"https:\/\/ptfesuppliers.com\/es\/wp-json\/wp\/v2\/product_tag?post=709"}],"curies":[{"name":"wp","href":"https:\/\/api.w.org\/{rel}","templated":true}]}}