{"id":58,"date":"2025-09-27T22:25:55","date_gmt":"2025-09-27T14:25:55","guid":{"rendered":"https:\/\/ptfesuppliers.com\/applications\/"},"modified":"2025-09-29T15:57:09","modified_gmt":"2025-09-29T07:57:09","slug":"applications","status":"publish","type":"page","link":"https:\/\/ptfesuppliers.com\/fr\/applications\/","title":{"rendered":"Applications"},"content":{"rendered":"<div data-elementor-type=\"wp-page\" data-elementor-id=\"58\" class=\"elementor elementor-58\" data-elementor-post-type=\"page\">\n\t\t\t\t<div class=\"elementor-element elementor-element-6cd41496 e-flex e-con-boxed e-con e-parent\" data-id=\"6cd41496\" data-element_type=\"container\" data-settings=\"{&quot;background_background&quot;:&quot;classic&quot;}\">\n\t\t\t\t\t<div class=\"e-con-inner\">\n\t\t<div class=\"elementor-element elementor-element-5eaf9576 e-flex e-con-boxed e-con e-child\" data-id=\"5eaf9576\" data-element_type=\"container\">\n\t\t\t\t\t<div class=\"e-con-inner\">\n\t\t\t\t<div class=\"elementor-element elementor-element-5617ba0a elementor-widget elementor-widget-heading\" data-id=\"5617ba0a\" data-element_type=\"widget\" data-widget_type=\"heading.default\">\n\t\t\t\t\t<h1 class=\"elementor-heading-title elementor-size-default\">Applications<\/h1>\t\t\t\t<\/div>\n\t\t\t\t<div class=\"elementor-element elementor-element-744d6a9c elementor-widget elementor-widget-heading\" data-id=\"744d6a9c\" data-element_type=\"widget\" data-widget_type=\"heading.default\">\n\t\t\t\t\t<h4 class=\"elementor-heading-title elementor-size-default\">Nos solutions fluoropolym\u00e8res sont utilis\u00e9es dans des milliers d&#039;applications.\n<\/h4>\t\t\t\t<\/div>\n\t\t\t\t<div class=\"elementor-element elementor-element-16a597f0 elementor-icon-list--layout-inline elementor-align-center elementor-list-item-link-full_width elementor-widget elementor-widget-icon-list\" data-id=\"16a597f0\" data-element_type=\"widget\" data-widget_type=\"icon-list.default\">\n\t\t\t\t\t\t\t<ul class=\"elementor-icon-list-items elementor-inline-items\">\n\t\t\t\t\t\t\t<li class=\"elementor-icon-list-item elementor-inline-item\">\n\t\t\t\t\t\t\t\t\t\t\t<a href=\"\/fr\/\">\n\n\t\t\t\t\t\t\t\t\t\t\t\t<span class=\"elementor-icon-list-icon\">\n\t\t\t\t\t\t\t<svg aria-hidden=\"true\" class=\"e-font-icon-svg e-fas-home\" viewbox=\"0 0 576 512\" xmlns=\"http:\/\/www.w3.org\/2000\/svg\"><path d=\"M280.37 148.26L96 300.11V464a16 16 0 0 0 16 16l112.06-.29a16 16 0 0 0 15.92-16V368a16 16 0 0 1 16-16h64a16 16 0 0 1 16 16v95.64a16 16 0 0 0 16 16.05L464 480a16 16 0 0 0 16-16V300L295.67 148.26a12.19 12.19 0 0 0-15.3 0zM571.6 251.47L488 182.56V44.05a12 12 0 0 0-12-12h-56a12 12 0 0 0-12 12v72.61L318.47 43a48 48 0 0 0-61 0L4.34 251.47a12 12 0 0 0-1.6 16.9l25.5 31A12 12 0 0 0 45.15 301l235.22-193.74a12.19 12.19 0 0 1 15.3 0L530.9 301a12 12 0 0 0 16.9-1.6l25.5-31a12 12 0 0 0-1.7-16.93z\"><\/path><\/svg>\t\t\t\t\t\t<\/span>\n\t\t\t\t\t\t\t\t\t\t<span class=\"elementor-icon-list-text\">Maison<\/span>\n\t\t\t\t\t\t\t\t\t\t\t<\/a>\n\t\t\t\t\t\t\t\t\t<\/li>\n\t\t\t\t\t\t\t\t<li class=\"elementor-icon-list-item elementor-inline-item\">\n\t\t\t\t\t\t\t\t\t\t<span class=\"elementor-icon-list-text\">\/<\/span>\n\t\t\t\t\t\t\t\t\t<\/li>\n\t\t\t\t\t\t\t\t<li class=\"elementor-icon-list-item elementor-inline-item\">\n\t\t\t\t\t\t\t\t\t\t<span class=\"elementor-icon-list-text\">Application<\/span>\n\t\t\t\t\t\t\t\t\t<\/li>\n\t\t\t\t\t\t<\/ul>\n\t\t\t\t\t\t<\/div>\n\t\t\t\t\t<\/div>\n\t\t\t\t<\/div>\n\t\t\t\t\t<\/div>\n\t\t\t\t<\/div>\n\t\t<div class=\"elementor-element elementor-element-342805d3 e-flex e-con-boxed e-con e-parent\" data-id=\"342805d3\" data-element_type=\"container\" data-settings=\"{&quot;background_background&quot;:&quot;classic&quot;}\">\n\t\t\t\t\t<div class=\"e-con-inner\">\n\t\t\t\t<div class=\"elementor-element elementor-element-5d6e99dc elementor-widget elementor-widget-heading\" data-id=\"5d6e99dc\" data-element_type=\"widget\" data-widget_type=\"heading.default\">\n\t\t\t\t\t<h2 class=\"elementor-heading-title elementor-size-default\">Secteurs d&#039;activit\u00e9 que nous desservons<\/h2>\t\t\t\t<\/div>\n\t\t\t\t<div class=\"elementor-element elementor-element-4604844f elementor-widget elementor-widget-text-editor\" data-id=\"4604844f\" data-element_type=\"widget\" data-widget_type=\"text-editor.default\">\n\t\t\t\t\t\t\t\t\t<p>Le groupe Chunhuan est un partenaire de confiance pour les entreprises du monde entier, fournissant des solutions fluoroplastiques haute performance \u00e0 divers secteurs d&#039;activit\u00e9. Nous sommes sp\u00e9cialis\u00e9s dans la conception et la fabrication de produits d&#039;\u00e9tanch\u00e9it\u00e9, de rev\u00eatements et de composants techniques utilisant une large gamme de mat\u00e9riaux fluoropolym\u00e8res, garantissant ainsi des solutions fiables et personnalis\u00e9es \u00e0 nos clients.<\/p>\t\t\t\t\t\t\t\t<\/div>\n\t\t<div class=\"elementor-element elementor-element-5ad1670 e-con-full e-flex e-con e-child\" data-id=\"5ad1670\" data-element_type=\"container\">\n\t\t<div class=\"elementor-element elementor-element-31dd9967 e-con-full e-flex e-con e-child\" data-id=\"31dd9967\" data-element_type=\"container\">\n\t\t\t\t<div class=\"elementor-element elementor-element-5cbffe37 elementor-position-top elementor-widget elementor-widget-image-box\" data-id=\"5cbffe37\" data-element_type=\"widget\" data-widget_type=\"image-box.default\">\n\t\t\t\t\t<div class=\"elementor-image-box-wrapper\"><figure class=\"elementor-image-box-img\"><img fetchpriority=\"high\" decoding=\"async\" width=\"580\" height=\"370\" src=\"https:\/\/ptfesuppliers.com\/wp-content\/uploads\/2025\/09\/1_\u770b\u56fe\u738b.webp\" class=\"attachment-full size-full wp-image-60\" alt=\"\" srcset=\"https:\/\/ptfesuppliers.com\/wp-content\/uploads\/2025\/09\/1_\u770b\u56fe\u738b.webp 580w, https:\/\/ptfesuppliers.com\/wp-content\/uploads\/2025\/09\/1_\u770b\u56fe\u738b-300x191.webp 300w\" sizes=\"(max-width: 580px) 100vw, 580px\" \/><\/figure><div class=\"elementor-image-box-content\"><h3 class=\"elementor-image-box-title\">A\u00e9rospatial<\/h3><p class=\"elementor-image-box-description\">L&#039;industrie a\u00e9rospatiale utilise principalement des composants l\u00e9gers, s\u00fbrs et extr\u00eamement durables. Les mat\u00e9riaux en PTFE r\u00e9pondent \u00e0 toutes ces exigences. Nous proposons des produits en PTFE adapt\u00e9s aux applications a\u00e9rospatiales, notamment\u00a0: anneaux, isolateurs, soufflets et si\u00e8ges de vannes \u00e0 bille.<\/p><\/div><\/div>\t\t\t\t<\/div>\n\t\t\t\t<\/div>\n\t\t<div class=\"elementor-element elementor-element-dc26c83 e-con-full e-flex e-con e-child\" data-id=\"dc26c83\" data-element_type=\"container\">\n\t\t\t\t<div class=\"elementor-element elementor-element-9a2fa68 elementor-position-top elementor-widget elementor-widget-image-box\" data-id=\"9a2fa68\" data-element_type=\"widget\" data-widget_type=\"image-box.default\">\n\t\t\t\t\t<div class=\"elementor-image-box-wrapper\"><figure class=\"elementor-image-box-img\"><img decoding=\"async\" width=\"580\" height=\"370\" src=\"https:\/\/ptfesuppliers.com\/wp-content\/uploads\/2025\/09\/2_\u770b\u56fe\u738b.webp\" class=\"attachment-full size-full wp-image-61\" alt=\"\" srcset=\"https:\/\/ptfesuppliers.com\/wp-content\/uploads\/2025\/09\/2_\u770b\u56fe\u738b.webp 580w, https:\/\/ptfesuppliers.com\/wp-content\/uploads\/2025\/09\/2_\u770b\u56fe\u738b-300x191.webp 300w\" sizes=\"(max-width: 580px) 100vw, 580px\" \/><\/figure><div class=\"elementor-image-box-content\"><h3 class=\"elementor-image-box-title\">Automobile<\/h3><p class=\"elementor-image-box-description\">Dans l&#039;industrie automobile, les PTFE conservent leurs propri\u00e9t\u00e9s exceptionnelles m\u00eame expos\u00e9s \u00e0 des carburants agressifs et \u00e0 des temp\u00e9ratures extr\u00eames. Nous fournissons avec une grande pr\u00e9cision des composants en PTFE couramment utilis\u00e9s, notamment\u00a0: joints d&#039;\u00e9tanch\u00e9it\u00e9, joints toriques, joints d&#039;arbre, isolateurs, joints d&#039;\u00e9tanch\u00e9it\u00e9, rev\u00eatements de durites de carburant, bagues, etc.<\/p><\/div><\/div>\t\t\t\t<\/div>\n\t\t\t\t<\/div>\n\t\t<div class=\"elementor-element elementor-element-66f6339 e-con-full e-flex e-con e-child\" data-id=\"66f6339\" data-element_type=\"container\">\n\t\t\t\t<div class=\"elementor-element elementor-element-660690e0 elementor-position-top elementor-widget elementor-widget-image-box\" data-id=\"660690e0\" data-element_type=\"widget\" data-widget_type=\"image-box.default\">\n\t\t\t\t\t<div class=\"elementor-image-box-wrapper\"><figure class=\"elementor-image-box-img\"><img decoding=\"async\" width=\"580\" height=\"370\" src=\"https:\/\/ptfesuppliers.com\/wp-content\/uploads\/2025\/09\/3_\u770b\u56fe\u738b.webp\" class=\"attachment-full size-full wp-image-62\" alt=\"\" srcset=\"https:\/\/ptfesuppliers.com\/wp-content\/uploads\/2025\/09\/3_\u770b\u56fe\u738b.webp 580w, https:\/\/ptfesuppliers.com\/wp-content\/uploads\/2025\/09\/3_\u770b\u56fe\u738b-300x191.webp 300w\" sizes=\"(max-width: 580px) 100vw, 580px\" \/><\/figure><div class=\"elementor-image-box-content\"><h3 class=\"elementor-image-box-title\">\u00c9lectronique<\/h3><p class=\"elementor-image-box-description\">Le PTFE pr\u00e9sente une meilleure stabilit\u00e9 dimensionnelle et une puret\u00e9 exceptionnelle, qualit\u00e9s essentielles \u00e0 la production de composants \u00e9lectroniques. Parmi ces composants, on trouve notamment : isolateurs, joints d&#039;\u00e9tanch\u00e9it\u00e9, anneaux, isolants \u00e9lectriques, composants semi-conducteurs et circuits imprim\u00e9s flexibles.\n\n<\/p><\/div><\/div>\t\t\t\t<\/div>\n\t\t\t\t<\/div>\n\t\t\t\t<\/div>\n\t\t<div class=\"elementor-element elementor-element-570d41c e-con-full e-flex e-con e-child\" data-id=\"570d41c\" data-element_type=\"container\">\n\t\t<div class=\"elementor-element elementor-element-328c9c99 e-con-full e-flex e-con e-child\" data-id=\"328c9c99\" data-element_type=\"container\">\n\t\t\t\t<div class=\"elementor-element elementor-element-2a12b41 elementor-position-top elementor-widget elementor-widget-image-box\" data-id=\"2a12b41\" data-element_type=\"widget\" data-widget_type=\"image-box.default\">\n\t\t\t\t\t<div class=\"elementor-image-box-wrapper\"><figure class=\"elementor-image-box-img\"><img loading=\"lazy\" decoding=\"async\" width=\"580\" height=\"370\" src=\"https:\/\/ptfesuppliers.com\/wp-content\/uploads\/2025\/09\/4_\u770b\u56fe\u738b.webp\" class=\"attachment-full size-full wp-image-63\" alt=\"\" srcset=\"https:\/\/ptfesuppliers.com\/wp-content\/uploads\/2025\/09\/4_\u770b\u56fe\u738b.webp 580w, https:\/\/ptfesuppliers.com\/wp-content\/uploads\/2025\/09\/4_\u770b\u56fe\u738b-300x191.webp 300w\" sizes=\"(max-width: 580px) 100vw, 580px\" \/><\/figure><div class=\"elementor-image-box-content\"><h3 class=\"elementor-image-box-title\">Chimique<\/h3><p class=\"elementor-image-box-description\">Les mat\u00e9riaux en PTFE sont couramment utilis\u00e9s dans l&#039;industrie chimique. En effet, les compos\u00e9s de PTFE conf\u00e8rent une excellente r\u00e9sistance \u00e0 la chaleur aux pi\u00e8ces utilis\u00e9es dans ce domaine. Parmi ces composants, on trouve\u00a0: la verrerie de laboratoire, les pompes, les \u00e9changeurs de chaleur, les si\u00e8ges de vannes \u00e0 bille, les r\u00e9acteurs, les autoclaves et les membranes.<\/p><\/div><\/div>\t\t\t\t<\/div>\n\t\t\t\t<\/div>\n\t\t<div class=\"elementor-element elementor-element-11980e2 e-con-full e-flex e-con e-child\" data-id=\"11980e2\" data-element_type=\"container\">\n\t\t\t\t<div class=\"elementor-element elementor-element-392dc252 elementor-position-top elementor-widget elementor-widget-image-box\" data-id=\"392dc252\" data-element_type=\"widget\" data-widget_type=\"image-box.default\">\n\t\t\t\t\t<div class=\"elementor-image-box-wrapper\"><figure class=\"elementor-image-box-img\"><img loading=\"lazy\" decoding=\"async\" width=\"580\" height=\"370\" src=\"https:\/\/ptfesuppliers.com\/wp-content\/uploads\/2025\/09\/57_\u770b\u56fe\u738b.webp\" class=\"attachment-full size-full wp-image-64\" alt=\"\" srcset=\"https:\/\/ptfesuppliers.com\/wp-content\/uploads\/2025\/09\/57_\u770b\u56fe\u738b.webp 580w, https:\/\/ptfesuppliers.com\/wp-content\/uploads\/2025\/09\/57_\u770b\u56fe\u738b-300x191.webp 300w\" sizes=\"(max-width: 580px) 100vw, 580px\" \/><\/figure><div class=\"elementor-image-box-content\"><h3 class=\"elementor-image-box-title\">M\u00e9dical<\/h3><p class=\"elementor-image-box-description\">Le PTFE poss\u00e8de des propri\u00e9t\u00e9s hygi\u00e9niques et une grande fiabilit\u00e9. Cela le rend adapt\u00e9 \u00e0 la fabrication de divers composants m\u00e9dicaux tels que : machines de dialyse, robots biom\u00e9dicaux, greffes cardiovasculaires, proth\u00e8ses ligamentaires.\n\n\n<\/p><\/div><\/div>\t\t\t\t<\/div>\n\t\t\t\t<\/div>\n\t\t<div class=\"elementor-element elementor-element-4f60755a e-con-full e-flex e-con e-child\" data-id=\"4f60755a\" data-element_type=\"container\">\n\t\t\t\t<div class=\"elementor-element elementor-element-b2f8d7f elementor-position-top elementor-widget elementor-widget-image-box\" data-id=\"b2f8d7f\" data-element_type=\"widget\" data-widget_type=\"image-box.default\">\n\t\t\t\t\t<div class=\"elementor-image-box-wrapper\"><figure class=\"elementor-image-box-img\"><img loading=\"lazy\" decoding=\"async\" width=\"580\" height=\"370\" src=\"https:\/\/ptfesuppliers.com\/wp-content\/uploads\/2025\/09\/54.webp\" class=\"attachment-full size-full wp-image-65\" alt=\"\" srcset=\"https:\/\/ptfesuppliers.com\/wp-content\/uploads\/2025\/09\/54.webp 580w, https:\/\/ptfesuppliers.com\/wp-content\/uploads\/2025\/09\/54-300x191.webp 300w\" sizes=\"(max-width: 580px) 100vw, 580px\" \/><\/figure><div class=\"elementor-image-box-content\"><h3 class=\"elementor-image-box-title\">Nourriture et boissons<\/h3><p class=\"elementor-image-box-description\">Chunhuan fournit des solutions en PTFE approuv\u00e9es par la FDA pour diverses applications dans l&#039;industrie alimentaire. Celles-ci comprennent\u00a0: joints, soufflets, joints toriques et joints en V.<\/p><\/div><\/div>\t\t\t\t<\/div>\n\t\t\t\t<\/div>\n\t\t\t\t<\/div>\n\t\t<div class=\"elementor-element elementor-element-4b5c61d3 e-con-full e-flex e-con e-child\" data-id=\"4b5c61d3\" data-element_type=\"container\">\n\t\t<div class=\"elementor-element elementor-element-cd16bb0 e-con-full e-flex e-con e-child\" data-id=\"cd16bb0\" data-element_type=\"container\">\n\t\t\t\t<div class=\"elementor-element elementor-element-45e93ff0 elementor-position-top elementor-widget elementor-widget-image-box\" data-id=\"45e93ff0\" data-element_type=\"widget\" data-widget_type=\"image-box.default\">\n\t\t\t\t\t<div class=\"elementor-image-box-wrapper\"><figure class=\"elementor-image-box-img\"><img loading=\"lazy\" decoding=\"async\" width=\"580\" height=\"370\" src=\"https:\/\/ptfesuppliers.com\/wp-content\/uploads\/2025\/09\/56_\u770b\u56fe\u738b.webp\" class=\"attachment-full size-full wp-image-66\" alt=\"\" srcset=\"https:\/\/ptfesuppliers.com\/wp-content\/uploads\/2025\/09\/56_\u770b\u56fe\u738b.webp 580w, https:\/\/ptfesuppliers.com\/wp-content\/uploads\/2025\/09\/56_\u770b\u56fe\u738b-300x191.webp 300w\" sizes=\"(max-width: 580px) 100vw, 580px\" \/><\/figure><div class=\"elementor-image-box-content\"><h3 class=\"elementor-image-box-title\">Construction<\/h3><p class=\"elementor-image-box-description\">Le PTFE offre des performances de contr\u00f4le du frottement aux composants utilis\u00e9s dans le secteur de la construction et des infrastructures. Les produits en PTFE adapt\u00e9s sont\u00a0: joints, paliers de glissement, joints de dilatation et isolants \u00e9lectriques.<\/p><\/div><\/div>\t\t\t\t<\/div>\n\t\t\t\t<\/div>\n\t\t<div class=\"elementor-element elementor-element-71e8aaad e-con-full e-flex e-con e-child\" data-id=\"71e8aaad\" data-element_type=\"container\">\n\t\t\t\t<div class=\"elementor-element elementor-element-534e5934 elementor-position-top elementor-widget elementor-widget-image-box\" data-id=\"534e5934\" data-element_type=\"widget\" data-widget_type=\"image-box.default\">\n\t\t\t\t\t<div class=\"elementor-image-box-wrapper\"><figure class=\"elementor-image-box-img\"><img loading=\"lazy\" decoding=\"async\" width=\"580\" height=\"370\" src=\"https:\/\/ptfesuppliers.com\/wp-content\/uploads\/2025\/09\/55.webp\" class=\"attachment-full size-full wp-image-67\" alt=\"\" srcset=\"https:\/\/ptfesuppliers.com\/wp-content\/uploads\/2025\/09\/55.webp 580w, https:\/\/ptfesuppliers.com\/wp-content\/uploads\/2025\/09\/55-300x191.webp 300w\" sizes=\"(max-width: 580px) 100vw, 580px\" \/><\/figure><div class=\"elementor-image-box-content\"><h3 class=\"elementor-image-box-title\">P\u00e9trole et gaz<\/h3><p class=\"elementor-image-box-description\">Dans l&#039;industrie p\u00e9troli\u00e8re et gazi\u00e8re, il est essentiel d&#039;utiliser des composants r\u00e9sistants \u00e0 la corrosion et aux hautes temp\u00e9ratures. Les composants en PTFE r\u00e9pondent \u00e0 ces exigences. Le PTFE prot\u00e8ge les composants contre les produits chimiques agressifs tels que le dioxyde de carbone, la vapeur surchauff\u00e9e, etc. Parmi ces composants, on trouve notamment : les joints toriques, les joints d&#039;\u00e9tanch\u00e9it\u00e9, les joints en V, les joints d&#039;\u00e9tanch\u00e9it\u00e9, les pompes, les vannes et les bagues d&#039;appui.\n\n<\/p><\/div><\/div>\t\t\t\t<\/div>\n\t\t\t\t<\/div>\n\t\t<div class=\"elementor-element elementor-element-4c1740af e-con-full e-flex e-con e-child\" data-id=\"4c1740af\" data-element_type=\"container\">\n\t\t\t\t<div class=\"elementor-element elementor-element-4a6c0118 elementor-position-top elementor-widget elementor-widget-image-box\" data-id=\"4a6c0118\" data-element_type=\"widget\" data-widget_type=\"image-box.default\">\n\t\t\t\t\t<div class=\"elementor-image-box-wrapper\"><figure class=\"elementor-image-box-img\"><img loading=\"lazy\" decoding=\"async\" width=\"580\" height=\"370\" src=\"https:\/\/ptfesuppliers.com\/wp-content\/uploads\/2025\/09\/58_\u770b\u56fe\u738b.webp\" class=\"attachment-full size-full wp-image-68\" alt=\"\" srcset=\"https:\/\/ptfesuppliers.com\/wp-content\/uploads\/2025\/09\/58_\u770b\u56fe\u738b.webp 580w, https:\/\/ptfesuppliers.com\/wp-content\/uploads\/2025\/09\/58_\u770b\u56fe\u738b-300x191.webp 300w\" sizes=\"(max-width: 580px) 100vw, 580px\" \/><\/figure><div class=\"elementor-image-box-content\"><h3 class=\"elementor-image-box-title\">Semiconducteurs et \u00e9nergie<\/h3><p class=\"elementor-image-box-description\">Les mat\u00e9riaux fluoropolym\u00e8res jouent un r\u00f4le crucial dans les industries des semi-conducteurs et de l&#039;\u00e9nergie, gr\u00e2ce \u00e0 leur r\u00e9sistance chimique sup\u00e9rieure, leur stabilit\u00e9 \u00e0 haute temp\u00e9rature et leur faible coefficient de frottement. Nos composants en PTFE garantissent la fiabilit\u00e9 des processus critiques, de la fabrication de puces au stockage d&#039;\u00e9nergie et aux applications li\u00e9es \u00e0 l&#039;hydrog\u00e8ne.<\/p><\/div><\/div>\t\t\t\t<\/div>\n\t\t\t\t<\/div>\n\t\t\t\t<\/div>\n\t\t\t\t\t<\/div>\n\t\t\t\t<\/div>\n\t\t<div class=\"elementor-element elementor-element-7ed7eb0a e-flex e-con-boxed e-con e-parent\" data-id=\"7ed7eb0a\" data-element_type=\"container\" data-settings=\"{&quot;background_background&quot;:&quot;classic&quot;}\">\n\t\t\t\t\t<div class=\"e-con-inner\">\n\t\t<div class=\"elementor-element elementor-element-1eb187d3 e-con-full e-flex e-con e-child\" data-id=\"1eb187d3\" data-element_type=\"container\" data-settings=\"{&quot;background_background&quot;:&quot;classic&quot;}\">\n\t\t\t\t<div class=\"elementor-element elementor-element-6d1ca6dc elementor-widget elementor-widget-heading\" data-id=\"6d1ca6dc\" data-element_type=\"widget\" data-widget_type=\"heading.default\">\n\t\t\t\t\t<h2 class=\"elementor-heading-title elementor-size-default\">Parlez-nous de vos besoins en mati\u00e8re d&#039;\u00e9tanch\u00e9it\u00e9.\n<\/h2>\t\t\t\t<\/div>\n\t\t\t\t<div class=\"elementor-element elementor-element-1a89a0ac elementor-widget elementor-widget-text-editor\" data-id=\"1a89a0ac\" data-element_type=\"widget\" data-widget_type=\"text-editor.default\">\n\t\t\t\t\t\t\t\t\t<div class=\"relative flex-col gap-1 md:gap-3\"><div class=\"flex max-w-full flex-col grow\"><div class=\"min-h-8 text-message relative flex w-full flex-col items-end gap-2 text-start break-words whitespace-normal [.text-message+&amp;]:mt-5\" dir=\"auto\" data-message-author-role=\"assistant\" data-message-id=\"15f6b313-4d8d-4c32-ae1b-0b3d12d92ed6\" data-message-model-slug=\"gpt-4o-mini\"><div class=\"flex w-full flex-col gap-1 empty:hidden first:pt-[3px]\"><div class=\"markdown prose dark:prose-invert w-full break-words light\"><p class=\"\" data-start=\"0\" data-end=\"225\">D\u00e9couvrez les capacit\u00e9s avanc\u00e9es de nos solutions d&#039;\u00e9tanch\u00e9it\u00e9 haute performance, soigneusement con\u00e7ues pour r\u00e9pondre aux exigences rigoureuses de diverses industries avec pr\u00e9cision et fiabilit\u00e9.<\/p><\/div><\/div><\/div><\/div><\/div>\t\t\t\t\t\t\t\t<\/div>\n\t\t\t\t<div class=\"elementor-element elementor-element-7f8a5d9e elementor-tablet-align-center elementor-widget elementor-widget-button\" data-id=\"7f8a5d9e\" data-element_type=\"widget\" data-widget_type=\"button.default\">\n\t\t\t\t\t\t\t\t\t\t<a class=\"elementor-button elementor-button-link elementor-size-sm\" href=\"#contactpopupform\">\n\t\t\t\t\t\t<span class=\"elementor-button-content-wrapper\">\n\t\t\t\t\t\t\t\t\t<span class=\"elementor-button-text\"> Demander au support technique<\/span>\n\t\t\t\t\t<\/span>\n\t\t\t\t\t<\/a>\n\t\t\t\t\t\t\t\t<\/div>\n\t\t\t\t<\/div>\n\t\t\t\t\t<\/div>\n\t\t\t\t<\/div>\n\t\t\t\t<\/div>","protected":false},"excerpt":{"rendered":"<p>Our Fluoropolymer Solutions Are Used In Thousands Of Applications Home \/ Application Industries we serve Chunhuan Group is a trusted partner for businesses worldwide, delivering high-performance fluoroplastic solutions across diverse industries. We specialize in designing and manufacturing sealing products, linings, and engineered components using a wide range of fluoropolymer materials, ensuring reliable and customized solutions [&hellip;]<\/p>","protected":false},"author":1,"featured_media":65,"parent":0,"menu_order":0,"comment_status":"closed","ping_status":"closed","template":"elementor_header_footer","meta":{"footnotes":""},"class_list":["post-58","page","type-page","status-publish","has-post-thumbnail","hentry"],"_links":{"self":[{"href":"https:\/\/ptfesuppliers.com\/fr\/wp-json\/wp\/v2\/pages\/58","targetHints":{"allow":["GET"]}}],"collection":[{"href":"https:\/\/ptfesuppliers.com\/fr\/wp-json\/wp\/v2\/pages"}],"about":[{"href":"https:\/\/ptfesuppliers.com\/fr\/wp-json\/wp\/v2\/types\/page"}],"author":[{"embeddable":true,"href":"https:\/\/ptfesuppliers.com\/fr\/wp-json\/wp\/v2\/users\/1"}],"replies":[{"embeddable":true,"href":"https:\/\/ptfesuppliers.com\/fr\/wp-json\/wp\/v2\/comments?post=58"}],"version-history":[{"count":6,"href":"https:\/\/ptfesuppliers.com\/fr\/wp-json\/wp\/v2\/pages\/58\/revisions"}],"predecessor-version":[{"id":2813,"href":"https:\/\/ptfesuppliers.com\/fr\/wp-json\/wp\/v2\/pages\/58\/revisions\/2813"}],"wp:featuredmedia":[{"embeddable":true,"href":"https:\/\/ptfesuppliers.com\/fr\/wp-json\/wp\/v2\/media\/65"}],"wp:attachment":[{"href":"https:\/\/ptfesuppliers.com\/fr\/wp-json\/wp\/v2\/media?parent=58"}],"curies":[{"name":"wp","href":"https:\/\/api.w.org\/{rel}","templated":true}]}}