{"id":88,"date":"2025-09-27T22:26:00","date_gmt":"2025-09-27T14:26:00","guid":{"rendered":"https:\/\/ptfesuppliers.com\/certification\/"},"modified":"2025-09-29T15:55:40","modified_gmt":"2025-09-29T07:55:40","slug":"certification","status":"publish","type":"page","link":"https:\/\/ptfesuppliers.com\/fr\/certification\/","title":{"rendered":"Certification"},"content":{"rendered":"<div data-elementor-type=\"wp-page\" data-elementor-id=\"88\" class=\"elementor elementor-88\" data-elementor-post-type=\"page\">\n\t\t\t\t<div class=\"elementor-element elementor-element-78a8c353 e-flex e-con-boxed e-con e-parent\" data-id=\"78a8c353\" data-element_type=\"container\" data-settings=\"{&quot;background_background&quot;:&quot;classic&quot;}\">\n\t\t\t\t\t<div class=\"e-con-inner\">\n\t\t<div class=\"elementor-element elementor-element-6c457f1 e-flex e-con-boxed e-con e-child\" data-id=\"6c457f1\" data-element_type=\"container\">\n\t\t\t\t\t<div class=\"e-con-inner\">\n\t\t\t\t<div class=\"elementor-element elementor-element-3942a16b elementor-widget elementor-widget-heading\" data-id=\"3942a16b\" data-element_type=\"widget\" data-widget_type=\"heading.default\">\n\t\t\t\t\t<h1 class=\"elementor-heading-title elementor-size-default\">Certification<\/h1>\t\t\t\t<\/div>\n\t\t\t\t<div class=\"elementor-element elementor-element-792470df elementor-widget elementor-widget-heading\" data-id=\"792470df\" data-element_type=\"widget\" data-widget_type=\"heading.default\">\n\t\t\t\t\t<h4 class=\"elementor-heading-title elementor-size-default\">Conforme aux normes internationales et r\u00e9gionales, garantissant qualit\u00e9, conformit\u00e9 et confiance sur les march\u00e9s mondiaux<\/h4>\t\t\t\t<\/div>\n\t\t\t\t<div class=\"elementor-element elementor-element-aeda732 elementor-icon-list--layout-inline elementor-align-center elementor-list-item-link-full_width elementor-widget elementor-widget-icon-list\" data-id=\"aeda732\" data-element_type=\"widget\" data-widget_type=\"icon-list.default\">\n\t\t\t\t\t\t\t<ul class=\"elementor-icon-list-items elementor-inline-items\">\n\t\t\t\t\t\t\t<li class=\"elementor-icon-list-item elementor-inline-item\">\n\t\t\t\t\t\t\t\t\t\t\t<a href=\"\/fr\/\">\n\n\t\t\t\t\t\t\t\t\t\t\t\t<span class=\"elementor-icon-list-icon\">\n\t\t\t\t\t\t\t<svg aria-hidden=\"true\" class=\"e-font-icon-svg e-fas-home\" viewbox=\"0 0 576 512\" xmlns=\"http:\/\/www.w3.org\/2000\/svg\"><path d=\"M280.37 148.26L96 300.11V464a16 16 0 0 0 16 16l112.06-.29a16 16 0 0 0 15.92-16V368a16 16 0 0 1 16-16h64a16 16 0 0 1 16 16v95.64a16 16 0 0 0 16 16.05L464 480a16 16 0 0 0 16-16V300L295.67 148.26a12.19 12.19 0 0 0-15.3 0zM571.6 251.47L488 182.56V44.05a12 12 0 0 0-12-12h-56a12 12 0 0 0-12 12v72.61L318.47 43a48 48 0 0 0-61 0L4.34 251.47a12 12 0 0 0-1.6 16.9l25.5 31A12 12 0 0 0 45.15 301l235.22-193.74a12.19 12.19 0 0 1 15.3 0L530.9 301a12 12 0 0 0 16.9-1.6l25.5-31a12 12 0 0 0-1.7-16.93z\"><\/path><\/svg>\t\t\t\t\t\t<\/span>\n\t\t\t\t\t\t\t\t\t\t<span class=\"elementor-icon-list-text\">Maison<\/span>\n\t\t\t\t\t\t\t\t\t\t\t<\/a>\n\t\t\t\t\t\t\t\t\t<\/li>\n\t\t\t\t\t\t\t\t<li class=\"elementor-icon-list-item elementor-inline-item\">\n\t\t\t\t\t\t\t\t\t\t<span class=\"elementor-icon-list-text\">\/<\/span>\n\t\t\t\t\t\t\t\t\t<\/li>\n\t\t\t\t\t\t\t\t<li class=\"elementor-icon-list-item elementor-inline-item\">\n\t\t\t\t\t\t\t\t\t\t<span class=\"elementor-icon-list-text\">Certification<\/span>\n\t\t\t\t\t\t\t\t\t<\/li>\n\t\t\t\t\t\t<\/ul>\n\t\t\t\t\t\t<\/div>\n\t\t\t\t\t<\/div>\n\t\t\t\t<\/div>\n\t\t\t\t\t<\/div>\n\t\t\t\t<\/div>\n\t\t<div class=\"elementor-element elementor-element-a7625ce e-flex e-con-boxed e-con e-parent\" data-id=\"a7625ce\" data-element_type=\"container\">\n\t\t\t\t\t<div class=\"e-con-inner\">\n\t\t<div class=\"elementor-element elementor-element-f6d433c e-flex e-con-boxed e-con e-child\" data-id=\"f6d433c\" data-element_type=\"container\">\n\t\t\t\t\t<div class=\"e-con-inner\">\n\t\t\t\t<div class=\"elementor-element elementor-element-55bf21a0 elementor-widget elementor-widget-heading\" data-id=\"55bf21a0\" data-element_type=\"widget\" data-widget_type=\"heading.default\">\n\t\t\t\t\t<h6 class=\"elementor-heading-title elementor-size-default\">Notre Honneur<\/h6>\t\t\t\t<\/div>\n\t\t\t\t<div class=\"elementor-element elementor-element-376f9d6c elementor-widget elementor-widget-heading\" data-id=\"376f9d6c\" data-element_type=\"widget\" data-widget_type=\"heading.default\">\n\t\t\t\t\t<h2 class=\"elementor-heading-title elementor-size-default\">Certifications de produits<\/h2>\t\t\t\t<\/div>\n\t\t\t\t<div class=\"elementor-element elementor-element-41084982 elementor-widget elementor-widget-text-editor\" data-id=\"41084982\" data-element_type=\"widget\" data-widget_type=\"text-editor.default\">\n\t\t\t\t\t\t\t\t\t<p class=\"\" data-start=\"0\" data-end=\"480\">Les certifications jouent un r\u00f4le crucial dans la d\u00e9finition des normes de qualit\u00e9 et de performance des produits, garantissant ainsi leur conformit\u00e9 constante aux r\u00e9glementations internationales et r\u00e9gionales. Ces certifications assurent non seulement la fiabilit\u00e9 des produits, mais renforcent \u00e9galement la confiance des clients, permettant une pr\u00e9sence optimale sur les march\u00e9s mondiaux. Chaque march\u00e9 a ses propres exigences de certification, et chez Chunhuan, nous nous engageons \u00e0 respecter ces normes afin de contribuer au succ\u00e8s international de nos clients.<\/p><p class=\"\" data-start=\"482\" data-end=\"897\">Chez Chunhuan, nous accordons une grande importance aux certifications de produits afin de garantir que nos solutions en PTFE r\u00e9pondent aux normes de qualit\u00e9 et de s\u00e9curit\u00e9 les plus strictes. En respectant les normes de certification internationales et locales, nous assurons que nos produits sont pr\u00eats \u00e0 \u00eatre commercialis\u00e9s et parfaitement conformes. Cet engagement permet \u00e0 nos partenaires d&#039;\u00e9tendre leur pr\u00e9sence sur le march\u00e9 et de proposer des solutions en PTFE fiables et de confiance \u00e0 leurs clients du monde entier.<\/p>\t\t\t\t\t\t\t\t<\/div>\n\t\t\t\t\t<\/div>\n\t\t\t\t<\/div>\n\t\t\t\t<div class=\"elementor-element elementor-element-6e3f5cf9 elementor-pagination-position-outside elementor-widget elementor-widget-image-carousel\" data-id=\"6e3f5cf9\" data-element_type=\"widget\" data-settings=\"{&quot;slides_to_show&quot;:&quot;4&quot;,&quot;navigation&quot;:&quot;dots&quot;,&quot;image_spacing_custom&quot;:{&quot;unit&quot;:&quot;px&quot;,&quot;size&quot;:3,&quot;sizes&quot;:[]},&quot;autoplay&quot;:&quot;yes&quot;,&quot;pause_on_hover&quot;:&quot;yes&quot;,&quot;pause_on_interaction&quot;:&quot;yes&quot;,&quot;autoplay_speed&quot;:5000,&quot;infinite&quot;:&quot;yes&quot;,&quot;speed&quot;:500,&quot;image_spacing_custom_tablet&quot;:{&quot;unit&quot;:&quot;px&quot;,&quot;size&quot;:&quot;&quot;,&quot;sizes&quot;:[]},&quot;image_spacing_custom_mobile&quot;:{&quot;unit&quot;:&quot;px&quot;,&quot;size&quot;:&quot;&quot;,&quot;sizes&quot;:[]}}\" data-widget_type=\"image-carousel.default\">\n\t\t\t\t\t\t\t<div class=\"elementor-image-carousel-wrapper swiper\" role=\"region\" aria-roledescription=\"carousel\" aria-label=\"Carrousel d&#039;images\" dir=\"ltr\">\n\t\t\t<div class=\"elementor-image-carousel swiper-wrapper\" aria-live=\"off\">\n\t\t\t\t\t\t\t\t<div class=\"swiper-slide\" role=\"group\" aria-roledescription=\"slide\" aria-label=\"1 sur 9\" data-no-translation-aria-label=\"\"><a data-elementor-open-lightbox=\"yes\" data-elementor-lightbox-slideshow=\"6e3f5cf9\" data-elementor-lightbox-title=\"22_\u770b\u56fe\u738b.webp\" data-e-action-hash=\"#elementor-action%3Aaction%3Dlightbox%26settings%3DeyJpZCI6OTAsInVybCI6Imh0dHBzOlwvXC9wdGZlc3VwcGxpZXJzLmNvbVwvd3AtY29udGVudFwvdXBsb2Fkc1wvMjAyNVwvMDlcLzIyX1x1NzcwYlx1NTZmZVx1NzM4Yi53ZWJwIiwic2xpZGVzaG93IjoiNmUzZjVjZjkifQ%3D%3D\" href=\"https:\/\/ptfesuppliers.com\/wp-content\/uploads\/2025\/09\/22_\u770b\u56fe\u738b.webp\"><figure class=\"swiper-slide-inner\"><img decoding=\"async\" class=\"swiper-slide-image\" src=\"https:\/\/ptfesuppliers.com\/wp-content\/uploads\/2025\/09\/22_\u770b\u56fe\u738b.webp\" alt=\"22_\u770b\u56fe\u738b.webp\" \/><figcaption class=\"elementor-image-carousel-caption\">22_\u770b\u56fe\u738b.webp<\/figcaption><\/figure><\/a><\/div><div class=\"swiper-slide\" role=\"group\" aria-roledescription=\"slide\" aria-label=\"2 sur 9\" data-no-translation-aria-label=\"\"><a data-elementor-open-lightbox=\"yes\" data-elementor-lightbox-slideshow=\"6e3f5cf9\" data-elementor-lightbox-title=\"25_\u770b\u56fe\u738b.webp\" data-e-action-hash=\"#elementor-action%3Aaction%3Dlightbox%26settings%3DeyJpZCI6OTEsInVybCI6Imh0dHBzOlwvXC9wdGZlc3VwcGxpZXJzLmNvbVwvd3AtY29udGVudFwvdXBsb2Fkc1wvMjAyNVwvMDlcLzI1X1x1NzcwYlx1NTZmZVx1NzM4Yi53ZWJwIiwic2xpZGVzaG93IjoiNmUzZjVjZjkifQ%3D%3D\" href=\"https:\/\/ptfesuppliers.com\/wp-content\/uploads\/2025\/09\/25_\u770b\u56fe\u738b.webp\"><figure class=\"swiper-slide-inner\"><img decoding=\"async\" class=\"swiper-slide-image\" src=\"https:\/\/ptfesuppliers.com\/wp-content\/uploads\/2025\/09\/25_\u770b\u56fe\u738b.webp\" alt=\"25_\u770b\u56fe\u738b.webp\" \/><figcaption class=\"elementor-image-carousel-caption\">25_\u770b\u56fe\u738b.webp<\/figcaption><\/figure><\/a><\/div><div class=\"swiper-slide\" role=\"group\" aria-roledescription=\"slide\" aria-label=\"3 sur 9\" data-no-translation-aria-label=\"\"><a data-elementor-open-lightbox=\"yes\" data-elementor-lightbox-slideshow=\"6e3f5cf9\" data-elementor-lightbox-title=\"23_\u770b\u56fe\u738b.webp\" data-e-action-hash=\"#elementor-action%3Aaction%3Dlightbox%26settings%3DeyJpZCI6OTIsInVybCI6Imh0dHBzOlwvXC9wdGZlc3VwcGxpZXJzLmNvbVwvd3AtY29udGVudFwvdXBsb2Fkc1wvMjAyNVwvMDlcLzIzX1x1NzcwYlx1NTZmZVx1NzM4Yi53ZWJwIiwic2xpZGVzaG93IjoiNmUzZjVjZjkifQ%3D%3D\" href=\"https:\/\/ptfesuppliers.com\/wp-content\/uploads\/2025\/09\/23_\u770b\u56fe\u738b.webp\"><figure class=\"swiper-slide-inner\"><img decoding=\"async\" class=\"swiper-slide-image\" src=\"https:\/\/ptfesuppliers.com\/wp-content\/uploads\/2025\/09\/23_\u770b\u56fe\u738b.webp\" alt=\"23_\u770b\u56fe\u738b.webp\" \/><figcaption class=\"elementor-image-carousel-caption\">23_\u770b\u56fe\u738b.webp<\/figcaption><\/figure><\/a><\/div><div class=\"swiper-slide\" role=\"group\" aria-roledescription=\"slide\" aria-label=\"4 sur 9\" data-no-translation-aria-label=\"\"><a data-elementor-open-lightbox=\"yes\" data-elementor-lightbox-slideshow=\"6e3f5cf9\" data-elementor-lightbox-title=\"26_\u770b\u56fe\u738b.webp\" data-e-action-hash=\"#elementor-action%3Aaction%3Dlightbox%26settings%3DeyJpZCI6OTMsInVybCI6Imh0dHBzOlwvXC9wdGZlc3VwcGxpZXJzLmNvbVwvd3AtY29udGVudFwvdXBsb2Fkc1wvMjAyNVwvMDlcLzI2X1x1NzcwYlx1NTZmZVx1NzM4Yi53ZWJwIiwic2xpZGVzaG93IjoiNmUzZjVjZjkifQ%3D%3D\" href=\"https:\/\/ptfesuppliers.com\/wp-content\/uploads\/2025\/09\/26_\u770b\u56fe\u738b.webp\"><figure class=\"swiper-slide-inner\"><img decoding=\"async\" class=\"swiper-slide-image\" src=\"https:\/\/ptfesuppliers.com\/wp-content\/uploads\/2025\/09\/26_\u770b\u56fe\u738b.webp\" alt=\"26_\u770b\u56fe\u738b.webp\" \/><figcaption class=\"elementor-image-carousel-caption\">26_\u770b\u56fe\u738b.webp<\/figcaption><\/figure><\/a><\/div><div class=\"swiper-slide\" role=\"group\" aria-roledescription=\"slide\" aria-label=\"5 sur 9\" data-no-translation-aria-label=\"\"><a data-elementor-open-lightbox=\"yes\" data-elementor-lightbox-slideshow=\"6e3f5cf9\" data-elementor-lightbox-title=\"rohs.webp\" data-e-action-hash=\"#elementor-action%3Aaction%3Dlightbox%26settings%3DeyJpZCI6OTQsInVybCI6Imh0dHBzOlwvXC9wdGZlc3VwcGxpZXJzLmNvbVwvd3AtY29udGVudFwvdXBsb2Fkc1wvMjAyNVwvMDlcL3JvaHMud2VicCIsInNsaWRlc2hvdyI6IjZlM2Y1Y2Y5In0%3D\" href=\"https:\/\/ptfesuppliers.com\/wp-content\/uploads\/2025\/09\/rohs.webp\"><figure class=\"swiper-slide-inner\"><img decoding=\"async\" class=\"swiper-slide-image\" src=\"https:\/\/ptfesuppliers.com\/wp-content\/uploads\/2025\/09\/rohs.webp\" alt=\"rohs.webp\" \/><figcaption class=\"elementor-image-carousel-caption\">rohs.webp<\/figcaption><\/figure><\/a><\/div><div class=\"swiper-slide\" role=\"group\" aria-roledescription=\"slide\" aria-label=\"6 sur 9\" data-no-translation-aria-label=\"\"><a data-elementor-open-lightbox=\"yes\" data-elementor-lightbox-slideshow=\"6e3f5cf9\" data-elementor-lightbox-title=\"MSDS-EU-EBO2502078-M148.webp\" data-e-action-hash=\"#elementor-action%3Aaction%3Dlightbox%26settings%3DeyJpZCI6OTUsInVybCI6Imh0dHBzOlwvXC9wdGZlc3VwcGxpZXJzLmNvbVwvd3AtY29udGVudFwvdXBsb2Fkc1wvMjAyNVwvMDlcL01TRFMtRVUtRUJPMjUwMjA3OC1NMTQ4LndlYnAiLCJzbGlkZXNob3ciOiI2ZTNmNWNmOSJ9\" href=\"https:\/\/ptfesuppliers.com\/wp-content\/uploads\/2025\/09\/MSDS-EU-EBO2502078-M148.webp\"><figure class=\"swiper-slide-inner\"><img decoding=\"async\" class=\"swiper-slide-image\" src=\"https:\/\/ptfesuppliers.com\/wp-content\/uploads\/2025\/09\/MSDS-EU-EBO2502078-M148.webp\" alt=\"MSDS-EU-EBO2502078-M148.webp\" \/><figcaption class=\"elementor-image-carousel-caption\">MSDS-EU-EBO2502078-M148.webp<\/figcaption><\/figure><\/a><\/div><div class=\"swiper-slide\" role=\"group\" aria-roledescription=\"slide\" aria-label=\"7 sur 9\" data-no-translation-aria-label=\"\"><a data-elementor-open-lightbox=\"yes\" data-elementor-lightbox-slideshow=\"6e3f5cf9\" data-elementor-lightbox-title=\"REACH247-EBO2502078-C152.webp\" data-e-action-hash=\"#elementor-action%3Aaction%3Dlightbox%26settings%3DeyJpZCI6OTYsInVybCI6Imh0dHBzOlwvXC9wdGZlc3VwcGxpZXJzLmNvbVwvd3AtY29udGVudFwvdXBsb2Fkc1wvMjAyNVwvMDlcL1JFQUNIMjQ3LUVCTzI1MDIwNzgtQzE1Mi53ZWJwIiwic2xpZGVzaG93IjoiNmUzZjVjZjkifQ%3D%3D\" href=\"https:\/\/ptfesuppliers.com\/wp-content\/uploads\/2025\/09\/REACH247-EBO2502078-C152.webp\"><figure class=\"swiper-slide-inner\"><img decoding=\"async\" class=\"swiper-slide-image\" src=\"https:\/\/ptfesuppliers.com\/wp-content\/uploads\/2025\/09\/REACH247-EBO2502078-C152.webp\" alt=\"REACH247-EBO2502078-C152.webp\" \/><figcaption class=\"elementor-image-carousel-caption\">REACH247-EBO2502078-C152.webp<\/figcaption><\/figure><\/a><\/div><div class=\"swiper-slide\" role=\"group\" aria-roledescription=\"slide\" aria-label=\"8 sur 9\" data-no-translation-aria-label=\"\"><a data-elementor-open-lightbox=\"yes\" data-elementor-lightbox-slideshow=\"6e3f5cf9\" data-elementor-lightbox-title=\"ROHS10-EBO2502078-C150.webp\" data-e-action-hash=\"#elementor-action%3Aaction%3Dlightbox%26settings%3DeyJpZCI6OTcsInVybCI6Imh0dHBzOlwvXC9wdGZlc3VwcGxpZXJzLmNvbVwvd3AtY29udGVudFwvdXBsb2Fkc1wvMjAyNVwvMDlcL1JPSFMxMC1FQk8yNTAyMDc4LUMxNTAud2VicCIsInNsaWRlc2hvdyI6IjZlM2Y1Y2Y5In0%3D\" href=\"https:\/\/ptfesuppliers.com\/wp-content\/uploads\/2025\/09\/ROHS10-EBO2502078-C150.webp\"><figure class=\"swiper-slide-inner\"><img decoding=\"async\" class=\"swiper-slide-image\" src=\"https:\/\/ptfesuppliers.com\/wp-content\/uploads\/2025\/09\/ROHS10-EBO2502078-C150.webp\" alt=\"ROHS10-EBO2502078-C150.webp\" \/><figcaption class=\"elementor-image-carousel-caption\">ROHS10-EBO2502078-C150.webp<\/figcaption><\/figure><\/a><\/div><div class=\"swiper-slide\" role=\"group\" aria-roledescription=\"slide\" aria-label=\"9 sur 9\" data-no-translation-aria-label=\"\"><a data-elementor-open-lightbox=\"yes\" data-elementor-lightbox-slideshow=\"6e3f5cf9\" data-elementor-lightbox-title=\"ROHS-EBO2502078-V151.webp\" data-e-action-hash=\"#elementor-action%3Aaction%3Dlightbox%26settings%3DeyJpZCI6OTgsInVybCI6Imh0dHBzOlwvXC9wdGZlc3VwcGxpZXJzLmNvbVwvd3AtY29udGVudFwvdXBsb2Fkc1wvMjAyNVwvMDlcL1JPSFMtRUJPMjUwMjA3OC1WMTUxLndlYnAiLCJzbGlkZXNob3ciOiI2ZTNmNWNmOSJ9\" href=\"https:\/\/ptfesuppliers.com\/wp-content\/uploads\/2025\/09\/ROHS-EBO2502078-V151.webp\"><figure class=\"swiper-slide-inner\"><img decoding=\"async\" class=\"swiper-slide-image\" src=\"https:\/\/ptfesuppliers.com\/wp-content\/uploads\/2025\/09\/ROHS-EBO2502078-V151.webp\" alt=\"ROHS-EBO2502078-V151.webp\" \/><figcaption class=\"elementor-image-carousel-caption\">ROHS-EBO2502078-V151.webp<\/figcaption><\/figure><\/a><\/div>\t\t\t<\/div>\n\t\t\t\t\t\t\t\n\t\t\t\t\t\t\t\t\t<div class=\"swiper-pagination\"><\/div>\n\t\t\t\t\t\t\t\t\t<\/div>\n\t\t\t\t\t\t<\/div>\n\t\t\t\t\t<\/div>\n\t\t\t\t<\/div>\n\t\t\t\t<\/div>","protected":false},"excerpt":{"rendered":"<p>Meets international and regional standards, ensuring quality, compliance, and trust for global markets Home \/ Certification Our Honor Product Certifications Certifications play a crucial role in defining product quality and performance standards, ensuring that our products consistently meet both international and regional regulations. These certifications not only ensure product reliability but also foster customer trust, [&hellip;]<\/p>","protected":false},"author":1,"featured_media":89,"parent":0,"menu_order":0,"comment_status":"closed","ping_status":"closed","template":"","meta":{"footnotes":""},"class_list":["post-88","page","type-page","status-publish","has-post-thumbnail","hentry"],"_links":{"self":[{"href":"https:\/\/ptfesuppliers.com\/fr\/wp-json\/wp\/v2\/pages\/88","targetHints":{"allow":["GET"]}}],"collection":[{"href":"https:\/\/ptfesuppliers.com\/fr\/wp-json\/wp\/v2\/pages"}],"about":[{"href":"https:\/\/ptfesuppliers.com\/fr\/wp-json\/wp\/v2\/types\/page"}],"author":[{"embeddable":true,"href":"https:\/\/ptfesuppliers.com\/fr\/wp-json\/wp\/v2\/users\/1"}],"replies":[{"embeddable":true,"href":"https:\/\/ptfesuppliers.com\/fr\/wp-json\/wp\/v2\/comments?post=88"}],"version-history":[{"count":5,"href":"https:\/\/ptfesuppliers.com\/fr\/wp-json\/wp\/v2\/pages\/88\/revisions"}],"predecessor-version":[{"id":2723,"href":"https:\/\/ptfesuppliers.com\/fr\/wp-json\/wp\/v2\/pages\/88\/revisions\/2723"}],"wp:featuredmedia":[{"embeddable":true,"href":"https:\/\/ptfesuppliers.com\/fr\/wp-json\/wp\/v2\/media\/89"}],"wp:attachment":[{"href":"https:\/\/ptfesuppliers.com\/fr\/wp-json\/wp\/v2\/media?parent=88"}],"curies":[{"name":"wp","href":"https:\/\/api.w.org\/{rel}","templated":true}]}}