{"id":363,"date":"2025-09-27T22:35:01","date_gmt":"2025-09-27T14:35:01","guid":{"rendered":"https:\/\/ptfesuppliers.com\/?post_type=product&#038;p=363"},"modified":"2026-03-11T16:56:43","modified_gmt":"2026-03-11T08:56:43","slug":"100-virgin-white-ptfe-sheet-skived-sheet-width-100-2700mm","status":"publish","type":"product","link":"https:\/\/ptfesuppliers.com\/fr\/product\/100-virgin-white-ptfe-sheet-skived-sheet-width-100-2700mm\/","title":{"rendered":"Feuille de PTFE blanc vierge 100%, largeur de feuille d\u00e9coup\u00e9e\u00a0: 100-2700\u00a0mm"},"content":{"rendered":"<p><strong>FEUILLE MOUL\u00c9E EN PTFE<\/strong><\/p>\n<p>1\u3001Mat\u00e9riau : PTFE vierge 100%, non recycl\u00e9.<\/p>\n<p>2\u3001Certification : ISO9001, MSDS, RoHS, REACH, FDA, Certificat d&#039;origine.<\/p>\n<p>3. Performances optimales, peut \u00eatre rempli d&#039;autres mat\u00e9riaux tels que le bronze, la fibre de verre, le carbone, le graphite, etc.<\/p>\n<p>4. La taille peut \u00eatre r\u00e9alis\u00e9e sur la base des exigences du client.<\/p>\n<p>5\u3001Modalit\u00e9s de paiement : T\/T, L\/C, DP ou autres.<\/p>\n<p>6\u3001Indication de prix : FOB, CIF, CFR, etc.<\/p>\n<p>7. D\u00e9lai de livraison : Selon votre demande, g\u00e9n\u00e9ralement sous 7 jours.<\/p>\n<p>Des \u00e9chantillons gratuits peuvent \u00eatre offerts selon vos besoins.<\/p>\n<p><img fetchpriority=\"high\" decoding=\"async\" class=\"alignnone wp-image-3635 size-full\" src=\"https:\/\/ptfesuppliers.com\/wp-content\/uploads\/2025\/09\/\u8f66\u524a\u5377\u677f-1_1.webp\" alt=\"Skived Sheet\" width=\"1000\" height=\"1000\" srcset=\"https:\/\/ptfesuppliers.com\/wp-content\/uploads\/2025\/09\/\u8f66\u524a\u5377\u677f-1_1.webp 1000w, https:\/\/ptfesuppliers.com\/wp-content\/uploads\/2025\/09\/\u8f66\u524a\u5377\u677f-1_1-300x300.webp 300w, https:\/\/ptfesuppliers.com\/wp-content\/uploads\/2025\/09\/\u8f66\u524a\u5377\u677f-1_1-150x150.webp 150w, https:\/\/ptfesuppliers.com\/wp-content\/uploads\/2025\/09\/\u8f66\u524a\u5377\u677f-1_1-768x768.webp 768w, https:\/\/ptfesuppliers.com\/wp-content\/uploads\/2025\/09\/\u8f66\u524a\u5377\u677f-1_1-12x12.webp 12w, https:\/\/ptfesuppliers.com\/wp-content\/uploads\/2025\/09\/\u8f66\u524a\u5377\u677f-1_1-600x600.webp 600w\" sizes=\"(max-width: 1000px) 100vw, 1000px\" \/><\/p>\n<p><strong>SP\u00c9CIFICATION:<\/strong><\/p>\n<div class=\"rich-text-table\">\n<table>\n<tbody>\n<tr>\n<td>Article<\/td>\n<td>\u00c9paisseur<\/td>\n<td>Longueur et largeur<\/td>\n<\/tr>\n<tr>\n<td>Feuille moul\u00e9e<\/td>\n<td>3~~100 mm<\/td>\n<td>Longueur*Largeur<br \/>\n300 x 300 mm \u2013 2000 x 2000 mm<\/td>\n<\/tr>\n<\/tbody>\n<\/table>\n<\/div>\n<p><strong>PRINCIPALES CARACT\u00c9RISTIQUES :<\/strong><\/p>\n<div class=\"rich-text-table\">\n<table>\n<tbody>\n<tr>\n<td>Article<\/td>\n<td>Unit\u00e9<\/td>\n<td>Valeur<\/td>\n<\/tr>\n<tr>\n<td>Pesanteur<\/td>\n<td>g\/cm3<\/td>\n<td>2.10-2.3<\/td>\n<\/tr>\n<tr>\n<td>R\u00e9sistance \u00e0 la traction<\/td>\n<td>MPa<\/td>\n<td>plus de 15<\/td>\n<\/tr>\n<tr>\n<td>Rupture d&#039;allongement<\/td>\n<td>%<\/td>\n<td>plus de 150<\/td>\n<\/tr>\n<tr>\n<td>Force di\u00e9lectrique<\/td>\n<td>Kv\/mm<\/td>\n<td>10<\/td>\n<\/tr>\n<\/tbody>\n<\/table>\n<\/div>","protected":false},"excerpt":{"rendered":"<p>Pourcentage de contraction : &lt; 0,4%<br \/>\nR\u00e9sistance \u00e0 la traction : 30 \u00e0 40 MPa<br \/>\nEmballage de transport : Caisses en bois<br \/>\nSp\u00e9cifications : selon vos besoins<br \/>\nMarque d\u00e9pos\u00e9e : chunhuan<br \/>\nOrigine : Chine<br \/>\nCode SH : 39209910<br \/>\nCapacit\u00e9 de production : 50 tonnes\/mois<\/p>","protected":false},"featured_media":3632,"comment_status":"closed","ping_status":"closed","template":"","meta":[],"product_brand":[],"product_cat":[35,36],"product_tag":[],"class_list":{"0":"post-363","1":"product","2":"type-product","3":"status-publish","4":"has-post-thumbnail","6":"product_cat-ptfe-products","7":"product_cat-ptfe-sheet","9":"first","10":"instock","11":"shipping-taxable","12":"product-type-simple"},"gallery_images":[3643,3639,3640,3638,3637,3634],"_links":{"self":[{"href":"https:\/\/ptfesuppliers.com\/fr\/wp-json\/wp\/v2\/product\/363","targetHints":{"allow":["GET"]}}],"collection":[{"href":"https:\/\/ptfesuppliers.com\/fr\/wp-json\/wp\/v2\/product"}],"about":[{"href":"https:\/\/ptfesuppliers.com\/fr\/wp-json\/wp\/v2\/types\/product"}],"replies":[{"embeddable":true,"href":"https:\/\/ptfesuppliers.com\/fr\/wp-json\/wp\/v2\/comments?post=363"}],"wp:featuredmedia":[{"embeddable":true,"href":"https:\/\/ptfesuppliers.com\/fr\/wp-json\/wp\/v2\/media\/3632"}],"wp:attachment":[{"href":"https:\/\/ptfesuppliers.com\/fr\/wp-json\/wp\/v2\/media?parent=363"}],"wp:term":[{"taxonomy":"product_brand","embeddable":true,"href":"https:\/\/ptfesuppliers.com\/fr\/wp-json\/wp\/v2\/product_brand?post=363"},{"taxonomy":"product_cat","embeddable":true,"href":"https:\/\/ptfesuppliers.com\/fr\/wp-json\/wp\/v2\/product_cat?post=363"},{"taxonomy":"product_tag","embeddable":true,"href":"https:\/\/ptfesuppliers.com\/fr\/wp-json\/wp\/v2\/product_tag?post=363"}],"curies":[{"name":"wp","href":"https:\/\/api.w.org\/{rel}","templated":true}]}}