{"id":383,"date":"2025-09-27T22:35:01","date_gmt":"2025-09-27T14:35:01","guid":{"rendered":"https:\/\/ptfesuppliers.com\/?post_type=product&#038;p=383"},"modified":"2026-04-13T16:13:16","modified_gmt":"2026-04-13T08:13:16","slug":"heat-resistant-customization-chemical-dimensional-stability-bearings-ptfe-filled-tube","status":"publish","type":"product","link":"https:\/\/ptfesuppliers.com\/fr\/product\/heat-resistant-customization-chemical-dimensional-stability-bearings-ptfe-filled-tube\/","title":{"rendered":"Roulements \u00e0 tube rempli de PTFE, r\u00e9sistants \u00e0 la chaleur, personnalisables, \u00e0 stabilit\u00e9 dimensionnelle chimique et \u00e0 r\u00e9sistance \u00e0 la chaleur"},"content":{"rendered":"<p>Les tuyaux en plastique technique haute performance sont fabriqu\u00e9s en polyt\u00e9trafluoro\u00e9thyl\u00e8ne (PTFE) et contiennent des additifs sp\u00e9cifiques pour optimiser leurs performances selon les exigences du client. Ce type de tuyau pr\u00e9sente une excellente r\u00e9sistance chimique et thermique, un faible coefficient de frottement et de bonnes propri\u00e9t\u00e9s d&#039;isolation. Il est largement utilis\u00e9 dans les secteurs industriel, m\u00e9dical, \u00e9lectronique, automobile et autres.<\/p>\n<h2>D\u00e9tail<\/h2>\n<p><strong>Excellente r\u00e9sistance chimique :<\/strong><br \/>\nR\u00e9sistant aux acides forts, aux alcalis et \u00e0 la plupart des solvants organiques, convient \u00e0 une utilisation dans des environnements corrosifs.<\/p>\n<p><strong>R\u00e9sistance aux hautes temp\u00e9ratures :<\/strong><\/p>\n<p>Fonctionnement stable de -200 \u00b0C \u00e0 +260 \u00b0C pour les applications \u00e0 haute temp\u00e9rature<\/p>\n<table style=\"width: 88.8398%; height: 173px;\" width=\"929\">\n<tbody>\n<tr style=\"height: 24px;\">\n<td style=\"width: 19.4384%; height: 24px;\" width=\"176\">Article<\/td>\n<td style=\"width: 11.0151%; height: 24px;\" width=\"98\">Unit\u00e9<\/td>\n<td style=\"width: 21.9222%; height: 24px;\" width=\"256\">60% Bronze<\/td>\n<td style=\"width: 27.0315%; height: 24px;\" width=\"271\">Fibre de verre 15% Graphite 5%<\/td>\n<td style=\"width: 29.3825%; height: 24px;\" colspan=\"2\" width=\"128\">Fibre de carbone 20%<\/td>\n<\/tr>\n<tr style=\"height: 29px;\">\n<td style=\"width: 19.4384%; height: 29px;\">Densit\u00e9<\/td>\n<td style=\"width: 11.0151%; height: 29px;\">g\/m3<\/td>\n<td style=\"width: 21.9222%; height: 29px;\">3.9<\/td>\n<td style=\"width: 27.0315%; height: 29px;\">2.22<\/td>\n<td style=\"width: 29.3825%; height: 29px;\" colspan=\"2\">2.01<\/td>\n<\/tr>\n<tr style=\"height: 24px;\">\n<td style=\"width: 19.4384%; height: 24px;\">R\u00e9sistance \u00e0 la traction<\/td>\n<td style=\"width: 11.0151%; height: 24px;\">MPa<\/td>\n<td style=\"width: 21.9222%; height: 24px;\">127<\/td>\n<td style=\"width: 27.0315%; height: 24px;\">158<\/td>\n<td style=\"width: 29.3825%; height: 24px;\" colspan=\"2\">189<\/td>\n<\/tr>\n<tr style=\"height: 24px;\">\n<td style=\"width: 19.4384%; height: 24px;\">Allongement \u00e0 la rupture<\/td>\n<td style=\"width: 11.0151%; height: 24px;\">%<\/td>\n<td style=\"width: 21.9222%; height: 24px;\">101<\/td>\n<td style=\"width: 27.0315%; height: 24px;\">205<\/td>\n<td style=\"width: 29.3825%; height: 24px;\" colspan=\"2\">92<\/td>\n<\/tr>\n<tr style=\"height: 24px;\">\n<td style=\"width: 19.4384%; height: 24px;\">Duret\u00e9 de Rocwell<\/td>\n<td style=\"width: 11.0151%; height: 24px;\">\u2013<\/td>\n<td style=\"width: 21.9222%; height: 24px;\">33.8<\/td>\n<td style=\"width: 27.0315%; height: 24px;\">11.3<\/td>\n<td style=\"width: 15.1146%; height: 24px;\" colspan=\"2\">32.1<\/td>\n<\/tr>\n<tr style=\"height: 24px;\">\n<td style=\"width: 19.4384%; height: 24px;\">Coefficient de frottement<\/td>\n<td style=\"width: 11.0151%; height: 24px;\">\u2013<\/td>\n<td style=\"width: 21.9222%; height: 24px;\">0.18-0.2<\/td>\n<td style=\"width: 27.0315%; height: 24px;\">0.15-0.17<\/td>\n<td style=\"width: 15.1146%; height: 24px;\" colspan=\"2\">0.16-0.18<\/td>\n<\/tr>\n<tr style=\"height: 24px;\">\n<td style=\"width: 19.4384%; height: 24px;\">R\u00e9sistance \u00e0 la flexion<\/td>\n<td style=\"width: 11.0151%; height: 24px;\">\u00b0C<\/td>\n<td style=\"width: 21.9222%; height: 24px;\">280<\/td>\n<td style=\"width: 27.0315%; height: 24px;\">225<\/td>\n<td style=\"width: 15.1146%; height: 24px;\" colspan=\"2\">320<\/td>\n<\/tr>\n<\/tbody>\n<\/table>\n<p>&nbsp;<\/p>","protected":false},"excerpt":{"rendered":"<p>R\u00e9sistance \u00e0 la traction : 30 \u00e0 40 MPa<br \/>\nPoint de fusion : 327<br \/>\nDensit\u00e9 : 2,4\u20132,7 g\/cm\u00b3<br \/>\nPourcentage de contraction : &lt; 0,41 TP3T<br \/>\nCode SH : 39209910<br \/>\nCapacit\u00e9 de production : 60 tonnes\/mois<br \/>\nService : OEMODM<br \/>\nR\u00e9sistance au feu : V -0<\/p>","protected":false},"featured_media":4054,"comment_status":"closed","ping_status":"closed","template":"","meta":[],"product_brand":[],"product_cat":[35,38],"product_tag":[],"class_list":{"0":"post-383","1":"product","2":"type-product","3":"status-publish","4":"has-post-thumbnail","6":"product_cat-ptfe-products","7":"product_cat-ptfe-tube","9":"first","10":"instock","11":"shipping-taxable","12":"product-type-simple"},"gallery_images":[434,431,433,432],"_links":{"self":[{"href":"https:\/\/ptfesuppliers.com\/fr\/wp-json\/wp\/v2\/product\/383","targetHints":{"allow":["GET"]}}],"collection":[{"href":"https:\/\/ptfesuppliers.com\/fr\/wp-json\/wp\/v2\/product"}],"about":[{"href":"https:\/\/ptfesuppliers.com\/fr\/wp-json\/wp\/v2\/types\/product"}],"replies":[{"embeddable":true,"href":"https:\/\/ptfesuppliers.com\/fr\/wp-json\/wp\/v2\/comments?post=383"}],"wp:featuredmedia":[{"embeddable":true,"href":"https:\/\/ptfesuppliers.com\/fr\/wp-json\/wp\/v2\/media\/4054"}],"wp:attachment":[{"href":"https:\/\/ptfesuppliers.com\/fr\/wp-json\/wp\/v2\/media?parent=383"}],"wp:term":[{"taxonomy":"product_brand","embeddable":true,"href":"https:\/\/ptfesuppliers.com\/fr\/wp-json\/wp\/v2\/product_brand?post=383"},{"taxonomy":"product_cat","embeddable":true,"href":"https:\/\/ptfesuppliers.com\/fr\/wp-json\/wp\/v2\/product_cat?post=383"},{"taxonomy":"product_tag","embeddable":true,"href":"https:\/\/ptfesuppliers.com\/fr\/wp-json\/wp\/v2\/product_tag?post=383"}],"curies":[{"name":"wp","href":"https:\/\/api.w.org\/{rel}","templated":true}]}}