{"id":444,"date":"2025-09-27T22:35:23","date_gmt":"2025-09-27T14:35:23","guid":{"rendered":"https:\/\/ptfesuppliers.com\/?post_type=product&#038;p=444"},"modified":"2026-04-13T14:05:18","modified_gmt":"2026-04-13T06:05:18","slug":"hot-sale-wear-resistant-low-temperature-resistance-hydraulic-seals-ptfe-machined-parts","status":"publish","type":"product","link":"https:\/\/ptfesuppliers.com\/fr\/product\/hot-sale-wear-resistant-low-temperature-resistance-hydraulic-seals-ptfe-machined-parts\/","title":{"rendered":"Joints hydrauliques en PTFE usin\u00e9s, r\u00e9sistants \u00e0 l&#039;usure et aux basses temp\u00e9ratures, en promotion"},"content":{"rendered":"<p>PTFE sheet is made using suspension polymerization of PTFE resin molding. It has the best chemical resistance of known plastics and does not age. It has the best coefficient of friction in known solid materials and can be used at -180 \u00b0C to +260 \u00b0\u00b0Cwithout load.<\/p>\n<h2>D\u00e9tail<\/h2>\n<p><strong>Excellente r\u00e9sistance chimique :<\/strong><br \/>\nResistant to strong acids, alkalis, and most organic solvents, suitable for corrosive environments.<\/p>\n<p><strong>R\u00e9sistance aux hautes temp\u00e9ratures :<\/strong><\/p>\n<p>Fonctionnement stable de -200 \u00b0C \u00e0 +260 \u00b0C pour les applications \u00e0 haute temp\u00e9rature<\/p>\n<table style=\"width: 49.4685%;\" width=\"339\">\n<tbody>\n<tr>\n<td style=\"width: 35.0065%;\" width=\"148\">Article<\/td>\n<td style=\"width: 32.101%;\" width=\"89\">Unit\u00e9<\/td>\n<td style=\"width: 87.4542%;\" width=\"102\">Valeur<\/td>\n<\/tr>\n<tr>\n<td style=\"width: 35.0065%;\">Pesanteur<\/td>\n<td style=\"width: 32.101%;\">g\/cm3<\/td>\n<td style=\"width: 87.4542%;\">2.10-2.3<\/td>\n<\/tr>\n<tr>\n<td style=\"width: 35.0065%;\">R\u00e9sistance \u00e0 la traction<\/td>\n<td style=\"width: 32.101%;\">MPa<\/td>\n<td style=\"width: 87.4542%;\">plus de 15<\/td>\n<\/tr>\n<tr>\n<td style=\"width: 35.0065%;\">Rupture d&#039;allongement<\/td>\n<td style=\"width: 32.101%;\">%<\/td>\n<td style=\"width: 87.4542%;\">plus de 150<\/td>\n<\/tr>\n<tr>\n<td style=\"width: 35.0065%;\">Force di\u00e9lectrique<\/td>\n<td style=\"width: 32.101%;\">Kv\/mm<\/td>\n<td style=\"width: 87.4542%;\">10<\/td>\n<\/tr>\n<\/tbody>\n<\/table>\n<p>&nbsp;<\/p>","protected":false},"excerpt":{"rendered":"<p>Gravity: 2.10-2.3G\/Cm3<br \/>\nTensile Strength: More Than 15MPa<br \/>\nElongation Break: More Than 150%<br \/>\nDielectric Strength: 10kV\/mm<br \/>\nEmballage de transport : Caisses en bois<br \/>\nSpecification: As per Your Requirement<br \/>\nCode SH : 39209910<br \/>\nProduction Capacity: 50 tons\/Month<\/p>","protected":false},"featured_media":4041,"comment_status":"closed","ping_status":"closed","template":"","meta":[],"product_brand":[],"product_cat":[35],"product_tag":[],"class_list":{"0":"post-444","1":"product","2":"type-product","3":"status-publish","4":"has-post-thumbnail","6":"product_cat-ptfe-products","8":"first","9":"instock","10":"shipping-taxable","11":"product-type-simple"},"gallery_images":[483,487,485,484],"_links":{"self":[{"href":"https:\/\/ptfesuppliers.com\/fr\/wp-json\/wp\/v2\/product\/444","targetHints":{"allow":["GET"]}}],"collection":[{"href":"https:\/\/ptfesuppliers.com\/fr\/wp-json\/wp\/v2\/product"}],"about":[{"href":"https:\/\/ptfesuppliers.com\/fr\/wp-json\/wp\/v2\/types\/product"}],"replies":[{"embeddable":true,"href":"https:\/\/ptfesuppliers.com\/fr\/wp-json\/wp\/v2\/comments?post=444"}],"wp:featuredmedia":[{"embeddable":true,"href":"https:\/\/ptfesuppliers.com\/fr\/wp-json\/wp\/v2\/media\/4041"}],"wp:attachment":[{"href":"https:\/\/ptfesuppliers.com\/fr\/wp-json\/wp\/v2\/media?parent=444"}],"wp:term":[{"taxonomy":"product_brand","embeddable":true,"href":"https:\/\/ptfesuppliers.com\/fr\/wp-json\/wp\/v2\/product_brand?post=444"},{"taxonomy":"product_cat","embeddable":true,"href":"https:\/\/ptfesuppliers.com\/fr\/wp-json\/wp\/v2\/product_cat?post=444"},{"taxonomy":"product_tag","embeddable":true,"href":"https:\/\/ptfesuppliers.com\/fr\/wp-json\/wp\/v2\/product_tag?post=444"}],"curies":[{"name":"wp","href":"https:\/\/api.w.org\/{rel}","templated":true}]}}