{"id":446,"date":"2025-09-27T22:35:23","date_gmt":"2025-09-27T14:35:23","guid":{"rendered":"https:\/\/ptfesuppliers.com\/?post_type=product&#038;p=446"},"modified":"2026-04-13T13:54:11","modified_gmt":"2026-04-13T05:54:11","slug":"low-deformation-ptfe-custom-designed-cnc-part-industrial-applications-with-fda","status":"publish","type":"product","link":"https:\/\/ptfesuppliers.com\/fr\/product\/low-deformation-ptfe-custom-designed-cnc-part-industrial-applications-with-fda\/","title":{"rendered":"Pi\u00e8ce en PTFE \u00e0 faible d\u00e9formation, usin\u00e9e sur mesure par CNC, pour applications industrielles conformes aux normes FDA"},"content":{"rendered":"<p>PTFE sheet is made using suspension polymerization of PTFE resin molding. It has the best chemical resistance of known plastics and does not age. It has the best coefficient of friction in known solid materials and can be used at -180 \u00b0C to +260 \u00b0\u00b0Cwithout load.<\/p>\n<h2>D\u00e9tail<\/h2>\n<p><strong>Excellente r\u00e9sistance chimique :<\/strong><br \/>\nResistant to strong acids, alkalis, and most organic solvents, suitable for corrosive environments.<\/p>\n<p><strong>R\u00e9sistance aux hautes temp\u00e9ratures :<\/strong><\/p>\n<p>Fonctionnement stable de -200 \u00b0C \u00e0 +260 \u00b0C pour les applications \u00e0 haute temp\u00e9rature<\/p>\n<table style=\"width: 60.1319%;\" width=\"415\">\n<tbody>\n<tr>\n<td style=\"width: 35.1855%;\" width=\"162\">Article<\/td>\n<td style=\"width: 33.3483%;\" width=\"119\">Unit\u00e9<\/td>\n<td style=\"width: 86.7561%;\" width=\"134\">Valeur<\/td>\n<\/tr>\n<tr>\n<td style=\"width: 35.1855%;\">Pesanteur<\/td>\n<td style=\"width: 33.3483%;\">g\/cm3<\/td>\n<td style=\"width: 86.7561%;\">2.10-2.3<\/td>\n<\/tr>\n<tr>\n<td style=\"width: 35.1855%;\">R\u00e9sistance \u00e0 la traction<\/td>\n<td style=\"width: 33.3483%;\">MPa<\/td>\n<td style=\"width: 86.7561%;\">plus de 15<\/td>\n<\/tr>\n<tr>\n<td style=\"width: 35.1855%;\">Rupture d&#039;allongement<\/td>\n<td style=\"width: 33.3483%;\">%<\/td>\n<td style=\"width: 86.7561%;\">plus de 150<\/td>\n<\/tr>\n<tr>\n<td style=\"width: 35.1855%;\">Force di\u00e9lectrique<\/td>\n<td style=\"width: 33.3483%;\">Kv\/mm<\/td>\n<td style=\"width: 86.7561%;\">10<\/td>\n<\/tr>\n<\/tbody>\n<\/table>","protected":false},"excerpt":{"rendered":"<p>Tensile Strength: More Than 15MPa<br \/>\nElongation Break: More Than 150%<br \/>\nDielectric Strength:10kv\/mm<br \/>\nGravity:2.10-2.3G\/Cm3<br \/>\nCode SH : 39209910<br \/>\nProduction Capacity:50tons\/Month<br \/>\nEmballage de transport : Caisses en bois<br \/>\nTemperature: Mechanical Seal<\/p>","protected":false},"featured_media":4039,"comment_status":"closed","ping_status":"closed","template":"","meta":[],"product_brand":[],"product_cat":[35,40],"product_tag":[],"class_list":{"0":"post-446","1":"product","2":"type-product","3":"status-publish","4":"has-post-thumbnail","6":"product_cat-ptfe-products","7":"product_cat-cnc-machined-parts","9":"first","10":"instock","11":"shipping-taxable","12":"product-type-simple"},"gallery_images":[492,493,494,491],"_links":{"self":[{"href":"https:\/\/ptfesuppliers.com\/fr\/wp-json\/wp\/v2\/product\/446","targetHints":{"allow":["GET"]}}],"collection":[{"href":"https:\/\/ptfesuppliers.com\/fr\/wp-json\/wp\/v2\/product"}],"about":[{"href":"https:\/\/ptfesuppliers.com\/fr\/wp-json\/wp\/v2\/types\/product"}],"replies":[{"embeddable":true,"href":"https:\/\/ptfesuppliers.com\/fr\/wp-json\/wp\/v2\/comments?post=446"}],"wp:featuredmedia":[{"embeddable":true,"href":"https:\/\/ptfesuppliers.com\/fr\/wp-json\/wp\/v2\/media\/4039"}],"wp:attachment":[{"href":"https:\/\/ptfesuppliers.com\/fr\/wp-json\/wp\/v2\/media?parent=446"}],"wp:term":[{"taxonomy":"product_brand","embeddable":true,"href":"https:\/\/ptfesuppliers.com\/fr\/wp-json\/wp\/v2\/product_brand?post=446"},{"taxonomy":"product_cat","embeddable":true,"href":"https:\/\/ptfesuppliers.com\/fr\/wp-json\/wp\/v2\/product_cat?post=446"},{"taxonomy":"product_tag","embeddable":true,"href":"https:\/\/ptfesuppliers.com\/fr\/wp-json\/wp\/v2\/product_tag?post=446"}],"curies":[{"name":"wp","href":"https:\/\/api.w.org\/{rel}","templated":true}]}}