{"id":451,"date":"2025-09-27T22:35:23","date_gmt":"2025-09-27T14:35:23","guid":{"rendered":"https:\/\/ptfesuppliers.com\/?post_type=product&#038;p=451"},"modified":"2026-04-13T13:41:40","modified_gmt":"2026-04-13T05:41:40","slug":"green-filled-customizable-size-color-and-shape-ptfe-molded-sheets","status":"publish","type":"product","link":"https:\/\/ptfesuppliers.com\/fr\/product\/green-filled-customizable-size-color-and-shape-ptfe-molded-sheets\/","title":{"rendered":"Feuilles moul\u00e9es en PTFE remplies de vert, personnalisables en taille, couleur et forme"},"content":{"rendered":"<p>High-performance engineering plastic sheets are made of polytetrafluoroethylene (PTFE) material and filled with specific additives to enhance their performance according to customer requirements. This kind of pipe has excellent chemical resistance, high temperature resistance, low friction coefficient, and good insulation performance, and is widely used in industrial, medical, electronic, automotive, and other fields.<\/p>\n<h2><strong>D\u00e9tail<\/strong><\/h2>\n<p><strong>Excellente r\u00e9sistance chimique :<\/strong><\/p>\n<p>R\u00e9sistant aux acides forts, aux alcalis et \u00e0 la plupart des solvants organiques, convient \u00e0 une utilisation dans des environnements corrosifs.<\/p>\n<p><strong>R\u00e9sistance aux hautes temp\u00e9ratures :<\/strong><\/p>\n<p>Stable operation from -180\u00b0C to +260\u00b0C for high temperature applications.<\/p>\n<table style=\"width: 71.4676%;\" width=\"339\">\n<tbody>\n<tr>\n<td style=\"width: 30.1566%;\" width=\"148\">Article<\/td>\n<td style=\"width: 25.1664%;\" width=\"89\">Unit\u00e9<\/td>\n<td style=\"width: 143.664%;\" width=\"102\">Molded PTFE\u00a0 Sheet<\/td>\n<\/tr>\n<tr>\n<td style=\"width: 30.1566%;\">Densit\u00e9<\/td>\n<td style=\"width: 25.1664%;\">g\/m3<\/td>\n<td style=\"width: 143.664%;\">2,3 \u2013 2,33<\/td>\n<\/tr>\n<tr>\n<td style=\"width: 30.1566%;\">R\u00e9sistance \u00e0 la traction<\/td>\n<td style=\"width: 25.1664%;\">MPa<\/td>\n<td style=\"width: 143.664%;\">20 &#8211; 35<\/td>\n<\/tr>\n<tr>\n<td style=\"width: 30.1566%;\">Allongement \u00e0 la rupture<\/td>\n<td style=\"width: 25.1664%;\">%<\/td>\n<td style=\"width: 143.664%;\">200% \u2013 400%<\/td>\n<\/tr>\n<tr>\n<td style=\"width: 30.1566%;\">Duret\u00e9 de Rocwell<\/td>\n<td style=\"width: 25.1664%;\">\u2013<\/td>\n<td style=\"width: 143.664%;\">R50 \u2013 R60<\/td>\n<\/tr>\n<tr>\n<td style=\"width: 30.1566%;\">Coefficient de frottement<\/td>\n<td style=\"width: 25.1664%;\">\u2013<\/td>\n<td style=\"width: 143.664%;\">0,05 \u2013 0,10<\/td>\n<\/tr>\n<tr>\n<td style=\"width: 30.1566%;\">R\u00e9sistance \u00e0 la flexion<\/td>\n<td style=\"width: 25.1664%;\">MPa<\/td>\n<td style=\"width: 143.664%;\">10 &#8211; 20<\/td>\n<\/tr>\n<\/tbody>\n<\/table>","protected":false},"excerpt":{"rendered":"<p>Length: -2000mm<br \/>\nLargeur : -2000 mm<br \/>\nTensile Strength: 20 &#8211; 35<br \/>\nFriction Coefficient: 0.05 &#8211; 0.10<br \/>\nThickness: 5mm-<br \/>\nCode SH : 39209910<br \/>\nProduction Capacity: 25 tons\/Month<\/p>","protected":false},"featured_media":4033,"comment_status":"closed","ping_status":"closed","template":"","meta":[],"product_brand":[],"product_cat":[35,36],"product_tag":[],"class_list":{"0":"post-451","1":"product","2":"type-product","3":"status-publish","4":"has-post-thumbnail","6":"product_cat-ptfe-products","7":"product_cat-ptfe-sheet","9":"first","10":"instock","11":"shipping-taxable","12":"product-type-simple"},"gallery_images":[511,512,513],"_links":{"self":[{"href":"https:\/\/ptfesuppliers.com\/fr\/wp-json\/wp\/v2\/product\/451","targetHints":{"allow":["GET"]}}],"collection":[{"href":"https:\/\/ptfesuppliers.com\/fr\/wp-json\/wp\/v2\/product"}],"about":[{"href":"https:\/\/ptfesuppliers.com\/fr\/wp-json\/wp\/v2\/types\/product"}],"replies":[{"embeddable":true,"href":"https:\/\/ptfesuppliers.com\/fr\/wp-json\/wp\/v2\/comments?post=451"}],"wp:featuredmedia":[{"embeddable":true,"href":"https:\/\/ptfesuppliers.com\/fr\/wp-json\/wp\/v2\/media\/4033"}],"wp:attachment":[{"href":"https:\/\/ptfesuppliers.com\/fr\/wp-json\/wp\/v2\/media?parent=451"}],"wp:term":[{"taxonomy":"product_brand","embeddable":true,"href":"https:\/\/ptfesuppliers.com\/fr\/wp-json\/wp\/v2\/product_brand?post=451"},{"taxonomy":"product_cat","embeddable":true,"href":"https:\/\/ptfesuppliers.com\/fr\/wp-json\/wp\/v2\/product_cat?post=451"},{"taxonomy":"product_tag","embeddable":true,"href":"https:\/\/ptfesuppliers.com\/fr\/wp-json\/wp\/v2\/product_tag?post=451"}],"curies":[{"name":"wp","href":"https:\/\/api.w.org\/{rel}","templated":true}]}}