{"id":452,"date":"2025-09-27T22:35:23","date_gmt":"2025-09-27T14:35:23","guid":{"rendered":"https:\/\/ptfesuppliers.com\/?post_type=product&#038;p=452"},"modified":"2026-04-13T13:40:39","modified_gmt":"2026-04-13T05:40:39","slug":"customizable-size-100-pure-ptfe-skived-sheet","status":"publish","type":"product","link":"https:\/\/ptfesuppliers.com\/fr\/product\/customizable-size-100-pure-ptfe-skived-sheet\/","title":{"rendered":"Feuille de PTFE pur 100%, dimensions personnalisables"},"content":{"rendered":"<p>Les feuilles de PTFE refend\u00e9es sont des mat\u00e9riaux de haute qualit\u00e9, fabriqu\u00e9s \u00e0 partir de polyt\u00e9trafluoro\u00e9thyl\u00e8ne (PTFE) pur 100%. Produites par un proc\u00e9d\u00e9 de refendage de pr\u00e9cision, elles offrent d&#039;excellentes performances et une large gamme d&#039;applications. Leur technique de fabrication unique garantit une surface lisse et une \u00e9paisseur uniforme, de 0,5 mm \u00e0 10 mm, r\u00e9pondant ainsi \u00e0 divers besoins industriels. Gr\u00e2ce \u00e0 leur remarquable r\u00e9sistance thermique, les feuilles de PTFE refend\u00e9es fonctionnent de mani\u00e8re stable \u00e0 des temp\u00e9ratures extr\u00eames, de -200 \u00b0C \u00e0 +260 \u00b0C. Elles pr\u00e9sentent \u00e9galement une r\u00e9sistance chimique exceptionnelle \u00e0 la plupart des acides, bases et solvants, ce qui les rend id\u00e9ales pour les industries chimique, agroalimentaire et m\u00e9dicale.<\/p>\n<h2>D\u00e9tail<\/h2>\n<p>Les feuilles de PTFE refendues pr\u00e9sentent un faible coefficient de frottement et une r\u00e9sistance \u00e0 la traction \u00e9lev\u00e9e (20-30 MPa), ce qui les rend id\u00e9ales pour les applications d&#039;\u00e9tanch\u00e9it\u00e9, d&#039;isolation et de rev\u00eatement. Leur densit\u00e9 de 2,1 \u00e0 2,3 g\/cm\u00b3 allie l\u00e9g\u00e8ret\u00e9 et haute r\u00e9sistance. De plus, leur surface lisse et leur facilit\u00e9 de mise en \u0153uvre permettent une personnalisation en termes de dimensions, d&#039;\u00e9paisseur et de forme afin de r\u00e9pondre aux exigences sp\u00e9cifiques des clients, et ce, m\u00eame dans des conditions de travail complexes. Qu&#039;elles soient utilis\u00e9es pour l&#039;\u00e9tanch\u00e9it\u00e9 des vannes, le rev\u00eatement des canalisations ou l&#039;isolation \u00e9lectrique, les feuilles de PTFE refendues offrent des performances fiables et prolongent la dur\u00e9e de vie des \u00e9quipements.<\/p>\n<p>Mat\u00e9riau polyvalent, le PTFE en feuilles d\u00e9coup\u00e9es offre d&#039;excellentes propri\u00e9t\u00e9s m\u00e9caniques et une grande stabilit\u00e9 chimique, tout en assurant une bonne isolation \u00e9lectrique et une r\u00e9sistance au vieillissement. Son caract\u00e8re \u00e9cologique et recyclable r\u00e9pond aux objectifs de d\u00e9veloppement durable de l&#039;industrie moderne. Qu&#039;il s&#039;agisse d&#039;\u00e9quipements pour l&#039;industrie agroalimentaire de haute puret\u00e9 ou d&#039;environnements de production chimique exigeants, le PTFE en feuilles d\u00e9coup\u00e9es apporte des solutions exceptionnelles pour r\u00e9pondre \u00e0 divers besoins industriels.<\/p>\n<table style=\"width: 68.5067%;\" width=\"339\">\n<tbody>\n<tr>\n<td style=\"width: 38.0686%;\" width=\"148\">Article<\/td>\n<td style=\"width: 26.8292%;\" width=\"89\">Unit\u00e9<\/td>\n<td style=\"width: 139.172%;\" width=\"102\">Feuille de PTFE d\u00e9coup\u00e9e<\/td>\n<\/tr>\n<tr>\n<td style=\"width: 38.0686%;\">Densit\u00e9<\/td>\n<td style=\"width: 26.8292%;\">g\/m3<\/td>\n<td style=\"width: 139.172%;\">2,3 \u2013 2,33<\/td>\n<\/tr>\n<tr>\n<td style=\"width: 38.0686%;\">R\u00e9sistance \u00e0 la traction<\/td>\n<td style=\"width: 26.8292%;\">MPa<\/td>\n<td style=\"width: 139.172%;\">20 \u2013 30<\/td>\n<\/tr>\n<tr>\n<td style=\"width: 38.0686%;\">Allongement \u00e0 la rupture<\/td>\n<td style=\"width: 26.8292%;\">%<\/td>\n<td style=\"width: 139.172%;\">200% \u2013 400%<\/td>\n<\/tr>\n<tr>\n<td style=\"width: 38.0686%;\">Duret\u00e9 de Rocwell<\/td>\n<td style=\"width: 26.8292%;\">\u2013<\/td>\n<td style=\"width: 139.172%;\">R50 \u2013 R60<\/td>\n<\/tr>\n<tr>\n<td style=\"width: 38.0686%;\">Coefficient de frottement<\/td>\n<td style=\"width: 26.8292%;\">\u2013<\/td>\n<td style=\"width: 139.172%;\">0,05 \u2013 0,10<\/td>\n<\/tr>\n<tr>\n<td style=\"width: 38.0686%;\">R\u00e9sistance \u00e0 la flexion<\/td>\n<td style=\"width: 26.8292%;\">MPa<\/td>\n<td style=\"width: 139.172%;\">10-20<\/td>\n<\/tr>\n<\/tbody>\n<\/table>\n<p>&nbsp;<\/p>","protected":false},"excerpt":{"rendered":"<p>\u00c9paisseur : -6 mm<br \/>\nLongueur : Selon vos besoins<br \/>\nLargeur : -2000 mm<br \/>\nR\u00e9sistance \u00e0 la traction : 20 \u2013 30<br \/>\nFinition de surface : Lisse<br \/>\nCode SH : 39209910<br \/>\nCapacit\u00e9 de production : 25 tonnes\/mois<\/p>","protected":false},"featured_media":4032,"comment_status":"closed","ping_status":"closed","template":"","meta":[],"product_brand":[],"product_cat":[35,36],"product_tag":[],"class_list":{"0":"post-452","1":"product","2":"type-product","3":"status-publish","4":"has-post-thumbnail","6":"product_cat-ptfe-products","7":"product_cat-ptfe-sheet","9":"first","10":"instock","11":"shipping-taxable","12":"product-type-simple"},"gallery_images":[538,539,540],"_links":{"self":[{"href":"https:\/\/ptfesuppliers.com\/fr\/wp-json\/wp\/v2\/product\/452","targetHints":{"allow":["GET"]}}],"collection":[{"href":"https:\/\/ptfesuppliers.com\/fr\/wp-json\/wp\/v2\/product"}],"about":[{"href":"https:\/\/ptfesuppliers.com\/fr\/wp-json\/wp\/v2\/types\/product"}],"replies":[{"embeddable":true,"href":"https:\/\/ptfesuppliers.com\/fr\/wp-json\/wp\/v2\/comments?post=452"}],"wp:featuredmedia":[{"embeddable":true,"href":"https:\/\/ptfesuppliers.com\/fr\/wp-json\/wp\/v2\/media\/4032"}],"wp:attachment":[{"href":"https:\/\/ptfesuppliers.com\/fr\/wp-json\/wp\/v2\/media?parent=452"}],"wp:term":[{"taxonomy":"product_brand","embeddable":true,"href":"https:\/\/ptfesuppliers.com\/fr\/wp-json\/wp\/v2\/product_brand?post=452"},{"taxonomy":"product_cat","embeddable":true,"href":"https:\/\/ptfesuppliers.com\/fr\/wp-json\/wp\/v2\/product_cat?post=452"},{"taxonomy":"product_tag","embeddable":true,"href":"https:\/\/ptfesuppliers.com\/fr\/wp-json\/wp\/v2\/product_tag?post=452"}],"curies":[{"name":"wp","href":"https:\/\/api.w.org\/{rel}","templated":true}]}}