{"id":453,"date":"2025-09-27T22:35:23","date_gmt":"2025-09-27T14:35:23","guid":{"rendered":"https:\/\/ptfesuppliers.com\/?post_type=product&#038;p=453"},"modified":"2026-04-13T13:40:07","modified_gmt":"2026-04-13T05:40:07","slug":"custom-cut-glass-microbead-filled-ptfe-sheet-for-gaskets-spacers-with-fda","status":"publish","type":"product","link":"https:\/\/ptfesuppliers.com\/fr\/product\/custom-cut-glass-microbead-filled-ptfe-sheet-for-gaskets-spacers-with-fda\/","title":{"rendered":"Feuille de PTFE charg\u00e9e de microbilles de verre d\u00e9coup\u00e9e sur mesure pour joints\/entretoises, conforme aux normes FDA."},"content":{"rendered":"<p><em><strong>Extreme Temperature Resilience<\/strong><\/em><\/p>\n<p>Stable across -200\u00b0C to +200\u00b0C, ideal for cryogenic systems and high-temperature industrial environments.<br \/>\nHigh-Pressure Sealing &amp; Leak Prevention<\/p>\n<p>Withstands 55 bar continuous pressure, ensuring zero media leakage for high-pressure valves\/reactors.<br \/>\n<em><strong>Enhanced Mechanical Performance<\/strong><\/em><\/p>\n<p>Maintaining structural integrity under dynamic loads.<br \/>\n<em><strong>Lightweight &amp; Creep Resistance<\/strong><\/em><\/p>\n<p>Ensuring long-term dimensional stability under pressure.<br \/>\n<em><strong>Corrosion Resistance &amp; Longevity<\/strong><\/em><\/p>\n<p>Resists acids\/alkalis and excels in corrosive media sealing systems.<br \/>\n<em><strong>Multi-Scenario Adaptability<\/strong><\/em><\/p>\n<p>Optimized for cryogenic engineering, high-pressure equipment, and corrosive environments.<\/p>\n<table style=\"width: 70.0426%;\" width=\"421\">\n<tbody>\n<tr>\n<td style=\"width: 38.446%;\" width=\"171\">Inspection Item<\/td>\n<td style=\"width: 31.6518%;\" width=\"120\">Unit\u00e9<\/td>\n<td style=\"width: 99.7482%;\" width=\"130\">Standard<\/td>\n<\/tr>\n<tr>\n<td style=\"width: 38.446%;\">Work Temperature<\/td>\n<td style=\"width: 31.6518%;\">\u00baC<\/td>\n<td style=\"width: 99.7482%;\">-200 ~ +200<\/td>\n<\/tr>\n<tr>\n<td style=\"width: 38.446%;\">R\u00e9sistance \u00e0 la traction<\/td>\n<td style=\"width: 31.6518%;\">Mpa<\/td>\n<td style=\"width: 99.7482%;\">\u226510<\/td>\n<\/tr>\n<tr>\n<td style=\"width: 38.446%;\">Compression Rate<\/td>\n<td style=\"width: 31.6518%;\">%<\/td>\n<td style=\"width: 99.7482%;\">\u226516<\/td>\n<\/tr>\n<tr>\n<td style=\"width: 38.446%;\">Rebound Ratio<\/td>\n<td style=\"width: 31.6518%;\">%<\/td>\n<td style=\"width: 99.7482%;\">\u226532<\/td>\n<\/tr>\n<tr>\n<td style=\"width: 38.446%;\">Continuous Max Pressure<\/td>\n<td style=\"width: 31.6518%;\">Bar<\/td>\n<td style=\"width: 99.7482%;\">55<\/td>\n<\/tr>\n<tr>\n<td style=\"width: 38.446%;\">Gas Permeability<\/td>\n<td style=\"width: 31.6518%;\">cm3\/s<\/td>\n<td style=\"width: 99.7482%;\">&lt;1&#215;10~3<\/td>\n<\/tr>\n<tr>\n<td style=\"width: 38.446%;\">Creep-Relaxation<\/td>\n<td style=\"width: 31.6518%;\">%<\/td>\n<td style=\"width: 99.7482%;\">40<\/td>\n<\/tr>\n<tr>\n<td style=\"width: 38.446%;\">Densit\u00e9<\/td>\n<td style=\"width: 31.6518%;\">g\/cm3<\/td>\n<td style=\"width: 99.7482%;\">1.6 ~ 1.7<\/td>\n<\/tr>\n<\/tbody>\n<\/table>","protected":false},"excerpt":{"rendered":"<p>Pourcentage de contraction : &lt; 0,41 TP3T<br \/>\nR\u00e9sistance \u00e0 la traction : 30 \u00e0 40 MPa<br \/>\nDensity: 1.6- 1.7 g\/cm3<br \/>\nContinuous Max Pressure:55bar<br \/>\nRebound Ratio:\u226532%<br \/>\nCompression Rate:\u226516%<br \/>\nWidth X Length:1500 X 1500mm; 1524 X 1524mm<br \/>\nThickness:0.5,0.8,1.0, 1.5,1.6,2.0,3.0,3.2,6.0 mm<br \/>\nGas Permeability:&lt;1X10~3cm3\/S<\/p>","protected":false},"featured_media":4031,"comment_status":"closed","ping_status":"closed","template":"","meta":[],"product_brand":[],"product_cat":[35,36],"product_tag":[],"class_list":{"0":"post-453","1":"product","2":"type-product","3":"status-publish","4":"has-post-thumbnail","6":"product_cat-ptfe-products","7":"product_cat-ptfe-sheet","9":"first","10":"instock","11":"shipping-taxable","12":"product-type-simple"},"gallery_images":[414,412,415,413],"_links":{"self":[{"href":"https:\/\/ptfesuppliers.com\/fr\/wp-json\/wp\/v2\/product\/453","targetHints":{"allow":["GET"]}}],"collection":[{"href":"https:\/\/ptfesuppliers.com\/fr\/wp-json\/wp\/v2\/product"}],"about":[{"href":"https:\/\/ptfesuppliers.com\/fr\/wp-json\/wp\/v2\/types\/product"}],"replies":[{"embeddable":true,"href":"https:\/\/ptfesuppliers.com\/fr\/wp-json\/wp\/v2\/comments?post=453"}],"wp:featuredmedia":[{"embeddable":true,"href":"https:\/\/ptfesuppliers.com\/fr\/wp-json\/wp\/v2\/media\/4031"}],"wp:attachment":[{"href":"https:\/\/ptfesuppliers.com\/fr\/wp-json\/wp\/v2\/media?parent=453"}],"wp:term":[{"taxonomy":"product_brand","embeddable":true,"href":"https:\/\/ptfesuppliers.com\/fr\/wp-json\/wp\/v2\/product_brand?post=453"},{"taxonomy":"product_cat","embeddable":true,"href":"https:\/\/ptfesuppliers.com\/fr\/wp-json\/wp\/v2\/product_cat?post=453"},{"taxonomy":"product_tag","embeddable":true,"href":"https:\/\/ptfesuppliers.com\/fr\/wp-json\/wp\/v2\/product_tag?post=453"}],"curies":[{"name":"wp","href":"https:\/\/api.w.org\/{rel}","templated":true}]}}