{"id":522,"date":"2025-09-27T22:35:44","date_gmt":"2025-09-27T14:35:44","guid":{"rendered":"https:\/\/ptfesuppliers.com\/?post_type=product&#038;p=522"},"modified":"2026-04-13T13:31:21","modified_gmt":"2026-04-13T05:31:21","slug":"ptfe-skived-film-filled-carbon-graphite-black-films-in-rolls","status":"publish","type":"product","link":"https:\/\/ptfesuppliers.com\/fr\/product\/ptfe-skived-film-filled-carbon-graphite-black-films-in-rolls\/","title":{"rendered":"Films de carbone\/graphite noir charg\u00e9s de PTFE d\u00e9coup\u00e9 en rouleaux"},"content":{"rendered":"<div class=\"J_module\">\n<div class=\"icbu-pc-images magic-0\">\n<div>\n<div class=\"flex-layout-h\">\n<div class=\"text-wrapper magic-9\" data-spm-anchor-id=\"a2700.details.0.i69.301050c9x56AJD\">\n<div class=\"text-wrapper-right text-theme-light text-align-left\" data-spm-anchor-id=\"a2700.details.0.i70.301050c9x56AJD\">\n<h2 class=\"text-title\" data-spm-anchor-id=\"a2700.details.0.i68.301050c9x56AJD\">Des services personnalis\u00e9s pour r\u00e9pondre \u00e0 des besoins vari\u00e9s\u00a0:<\/h2>\n<div class=\"text-content\">It is our mission to understand each customer&#8217;s unique needs. We offer a full range of customized services, from material selection to design.<\/div>\n<\/div>\n<\/div>\n<\/div>\n<\/div>\n<\/div>\n<\/div>\n<div class=\"J_module\">\n<div class=\"icbu-pc-images magic-0\">\n<div>\n<div class=\"flex-layout-h\">\n<div class=\"text-wrapper magic-10\">\n<div class=\"text-wrapper-left text-theme-light text-align-left\">\n<h2 class=\"text-title\">Assurance qualit\u00e9 des technologies innovantes\u00a0:<\/h2>\n<div class=\"text-content\">Gr\u00e2ce \u00e0 une technologie de production de pointe et \u00e0 un contr\u00f4le qualit\u00e9 rigoureux, nos produits en PTFE offrent non seulement d&#039;excellentes performances, mais aussi une grande pr\u00e9cision dimensionnelle et une finition de surface impeccable. Que ce soit dans le secteur de la construction, la m\u00e9canique ou le m\u00e9dical, nous r\u00e9pondons \u00e0 vos besoins en mat\u00e9riaux haute performance.<\/div>\n<div>\n<h2 class=\"text-title\">Durable:<\/h2>\n<div class=\"text-content\">La fabrication de pr\u00e9cision est une exigence de nos usines, et nos produits sont reconnus pour leur excellente r\u00e9sistance \u00e0 l&#039;usure, leur duret\u00e9 \u00e9lev\u00e9e et leur r\u00e9sistance \u00e0 la chaleur, et sont largement utilis\u00e9s dans divers secteurs industriels pour fournir aux clients des solutions fiables.<\/div>\n<div>\n<table style=\"width: 62.3784%;\" width=\"619\">\n<tbody>\n<tr>\n<td style=\"width: 30.9562%; text-align: center;\" width=\"193\">\n<p data-spm-anchor-id=\"a2700.details.0.i73.301050c9x56AJD\">Article<\/p>\n<\/td>\n<td style=\"width: 29.0113%; text-align: center;\" width=\"183\">Unit\u00e9<\/td>\n<td style=\"width: 54.4571%; text-align: center;\" width=\"243\">Valeur<\/td>\n<\/tr>\n<tr>\n<td style=\"width: 30.9562%; text-align: center;\">Pesanteur<\/td>\n<td style=\"width: 29.0113%; text-align: center;\">g\/cm3<\/td>\n<td style=\"width: 54.4571%; text-align: center;\">2.1-2.3<\/td>\n<\/tr>\n<tr>\n<td style=\"width: 30.9562%; text-align: center;\">R\u00e9sistance \u00e0 la traction<\/td>\n<td style=\"width: 29.0113%; text-align: center;\">MPa<\/td>\n<td style=\"width: 54.4571%; text-align: center;\">\u2265 8<\/td>\n<\/tr>\n<tr>\n<td style=\"width: 30.9562%; text-align: center;\">\u00c9longation<\/td>\n<td style=\"width: 29.0113%; text-align: center;\">%<\/td>\n<td style=\"width: 54.4571%; text-align: center;\">\u2265 25<\/td>\n<\/tr>\n<tr>\n<td style=\"width: 30.9562%; text-align: center;\">Force di\u00e9lectrique<\/td>\n<td style=\"width: 29.0113%; text-align: center;\">Kv\/mm<\/td>\n<td style=\"width: 54.4571%; text-align: center;\">40<\/td>\n<\/tr>\n<tr>\n<td style=\"width: 30.9562%; text-align: center;\">Sp\u00e9cification<\/td>\n<td style=\"width: 29.0113%; text-align: center;\"><\/td>\n<td style=\"width: 54.4571%; text-align: center;\">Conform\u00e9ment \u00e0 vos exigences<\/td>\n<\/tr>\n<tr>\n<td style=\"width: 30.9562%; text-align: center;\">Absorption d&#039;eau<\/td>\n<td style=\"width: 29.0113%; text-align: center;\">%<\/td>\n<td style=\"width: 54.4571%; text-align: center;\">0,05 \u2013 0,10<\/td>\n<\/tr>\n<tr>\n<td style=\"width: 30.9562%; text-align: center;\">Colis de transport<\/td>\n<td style=\"width: 29.0113%; text-align: center;\"><\/td>\n<td style=\"width: 54.4571%; text-align: center;\">Bo\u00eete en plastique et en bois<\/td>\n<\/tr>\n<\/tbody>\n<\/table>\n<\/div>\n<\/div>\n<\/div>\n<\/div>\n<div class=\"flex-layout-v magic-6\"><\/div>\n<\/div>\n<\/div>\n<\/div>\n<\/div>","protected":false},"excerpt":{"rendered":"<p>Application: Electronic And Electrical Components, General Grade, Filling Grade, Food Grade<br \/>\nGrade: Molding<br \/>\nFeature: High Strength, High Temperature Resistance, Standard Grade, Low Temperature Resistance, Hydrolysis Resistance, High Rigidity, Chemical Resistance<br \/>\nR\u00e9sistance \u00e0 la temp\u00e9rature : -190 \u00b0C \u00e0 +370 \u00b0C<br \/>\nFaible coefficient de frottement : 0,05-0,10<br \/>\nDensit\u00e9 : 2,1-2,3<br \/>\nAbsorption d&#039;eau : inf\u00e9rieure \u00e0 0,011 TP3T<br \/>\nRetrait : &lt; 0,4%<br \/>\nR\u00e9sistance \u00e0 la traction : \u2265 8 MPa<\/p>","protected":false},"featured_media":4021,"comment_status":"closed","ping_status":"closed","template":"","meta":[],"product_brand":[],"product_cat":[35],"product_tag":[],"class_list":{"0":"post-522","1":"product","2":"type-product","3":"status-publish","4":"has-post-thumbnail","6":"product_cat-ptfe-products","8":"first","9":"instock","10":"shipping-taxable","11":"product-type-simple"},"gallery_images":[582,583,584,581],"_links":{"self":[{"href":"https:\/\/ptfesuppliers.com\/fr\/wp-json\/wp\/v2\/product\/522","targetHints":{"allow":["GET"]}}],"collection":[{"href":"https:\/\/ptfesuppliers.com\/fr\/wp-json\/wp\/v2\/product"}],"about":[{"href":"https:\/\/ptfesuppliers.com\/fr\/wp-json\/wp\/v2\/types\/product"}],"replies":[{"embeddable":true,"href":"https:\/\/ptfesuppliers.com\/fr\/wp-json\/wp\/v2\/comments?post=522"}],"wp:featuredmedia":[{"embeddable":true,"href":"https:\/\/ptfesuppliers.com\/fr\/wp-json\/wp\/v2\/media\/4021"}],"wp:attachment":[{"href":"https:\/\/ptfesuppliers.com\/fr\/wp-json\/wp\/v2\/media?parent=522"}],"wp:term":[{"taxonomy":"product_brand","embeddable":true,"href":"https:\/\/ptfesuppliers.com\/fr\/wp-json\/wp\/v2\/product_brand?post=522"},{"taxonomy":"product_cat","embeddable":true,"href":"https:\/\/ptfesuppliers.com\/fr\/wp-json\/wp\/v2\/product_cat?post=522"},{"taxonomy":"product_tag","embeddable":true,"href":"https:\/\/ptfesuppliers.com\/fr\/wp-json\/wp\/v2\/product_tag?post=522"}],"curies":[{"name":"wp","href":"https:\/\/api.w.org\/{rel}","templated":true}]}}