{"id":710,"date":"2025-09-27T22:36:35","date_gmt":"2025-09-27T14:36:35","guid":{"rendered":"https:\/\/ptfesuppliers.com\/?post_type=product&#038;p=710"},"modified":"2026-04-08T11:16:41","modified_gmt":"2026-04-08T03:16:41","slug":"copper-powder-filled-ptfe-tubing-for-chemical-and-wear-resistant-applications","status":"publish","type":"product","link":"https:\/\/ptfesuppliers.com\/fr\/product\/copper-powder-filled-ptfe-tubing-for-chemical-and-wear-resistant-applications\/","title":{"rendered":"Tubes en PTFE charg\u00e9s de poudre de cuivre pour applications r\u00e9sistantes aux produits chimiques et \u00e0 l&#039;usure"},"content":{"rendered":"<p data-start=\"1811\" data-end=\"2232\">Notre <strong data-start=\"1815\" data-end=\"1851\">Tube en PTFE rempli de poudre de cuivre<\/strong> Il s&#039;agit d&#039;un mat\u00e9riau technique de pointe con\u00e7u pour r\u00e9pondre aux d\u00e9fis industriels les plus exigeants. En m\u00e9langeant une r\u00e9sine PTFE de haute qualit\u00e9 \u00e0 de la poudre de cuivre \u00e9lectrolytique pure, le tube combine les avantages suivants\u00a0: <strong data-start=\"2038\" data-end=\"2081\">r\u00e9sistance chimique exceptionnelle du PTFE<\/strong> avec le <strong data-start=\"2091\" data-end=\"2145\">r\u00e9sistance \u00e0 l&#039;usure et conductivit\u00e9 thermique du cuivre<\/strong>, ce qui en fait le choix id\u00e9al pour les environnements o\u00f9 <strong data-start=\"2197\" data-end=\"2231\">corrosion et abrasion coexistent<\/strong>.<\/p>\n<p data-start=\"2234\" data-end=\"2552\">Ce produit est largement utilis\u00e9 dans <strong data-start=\"2265\" data-end=\"2367\">industries de traitement chimique, p\u00e9trochimiques, syst\u00e8mes de protection des c\u00e2bles et pharmaceutiques<\/strong>, Dans les applications o\u00f9 la durabilit\u00e9 \u00e0 long terme et des performances thermiques \u00e9lev\u00e9es sont essentielles, sa formulation unique prolonge consid\u00e9rablement la dur\u00e9e de vie, renforce la s\u00e9curit\u00e9 et am\u00e9liore l&#039;efficacit\u00e9 du syst\u00e8me.<\/p>\n<h3 data-start=\"2559\" data-end=\"2576\">Caract\u00e9ristiques principales :<\/h3>\n<ul data-start=\"2577\" data-end=\"3418\">\n<li data-start=\"2577\" data-end=\"2706\">\n<p data-start=\"2579\" data-end=\"2706\"><strong data-start=\"2579\" data-end=\"2615\">Remarquable <\/strong><a href=\"https:\/\/ptfesuppliers.com\/fr\/the-unmatched-chemical-resistance-of-pure-ptfe-rods-in-electrical-systems\/\" target=\"_blank\" rel=\"noopener\" data-wpil-monitor-id=\"362\">R\u00e9sistance chimique : Pr\u00e9serve les propri\u00e9t\u00e9s du PTFE<\/a> capacit\u00e9 \u00e0 r\u00e9sister \u00e0 la quasi-totalit\u00e9 des acides forts, des bases et des solvants organiques.<\/p>\n<\/li>\n<li data-start=\"2707\" data-end=\"2866\">\n<p data-start=\"2709\" data-end=\"2866\"><strong data-start=\"2709\" data-end=\"2738\">R\u00e9sistance \u00e0 l&#039;usure am\u00e9lior\u00e9e\u00a0:<\/strong> Le remplissage en cuivre am\u00e9liore consid\u00e9rablement la r\u00e9sistance m\u00e9canique et la r\u00e9sistance \u00e0 l&#039;abrasion, assurant une dur\u00e9e de vie plus longue que <a href=\"https:\/\/ptfesuppliers.com\/fr\/the-unmatched-benefits-of-100-virgin-ptfe-film\/\" target=\"_blank\" rel=\"noopener\" data-wpil-monitor-id=\"363\">PTFE vierge<\/a>.<\/p>\n<\/li>\n<li data-start=\"2867\" data-end=\"3027\">\n<p data-start=\"2869\" data-end=\"3027\"><a href=\"https:\/\/ptfesuppliers.com\/fr\/ptfe-envelope-gasket-tri-clamp\/\" target=\"_blank\" rel=\"noopener\" data-wpil-monitor-id=\"364\">Conductivit\u00e9 thermique sup\u00e9rieure : dissipe la chaleur plus efficacement que le PTFE pur<\/a>, adapt\u00e9 aux applications n\u00e9cessitant un transfert de chaleur ou une gestion thermique.<\/p>\n<\/li>\n<li data-start=\"3028\" data-end=\"3157\">\n<p data-start=\"3030\" data-end=\"3157\"><strong data-start=\"3030\" data-end=\"3057\">Large plage de temp\u00e9ratures :<\/strong> Performances fiables de <strong data-start=\"3084\" data-end=\"3104\">-200\u00b0C \u00e0 +260\u00b0C<\/strong>, avec une tol\u00e9rance \u00e0 court terme aux temp\u00e9ratures plus \u00e9lev\u00e9es.<\/p>\n<\/li>\n<li data-start=\"3158\" data-end=\"3268\">\n<p data-start=\"3160\" data-end=\"3268\"><strong data-start=\"3160\" data-end=\"3191\">Stabilit\u00e9 dimensionnelle \u00e9lev\u00e9e\u00a0:<\/strong> Am\u00e9lior\u00e9 <a href=\"https:\/\/ptfesuppliers.com\/fr\/product\/colorful-compressive-strength-hydraulic-seals-ptfe-filled-tube\/\" target=\"_blank\" rel=\"noopener\" data-wpil-monitor-id=\"365\">r\u00e9sistance \u00e0 la compression<\/a> r\u00e9duit la d\u00e9formation sous contrainte m\u00e9canique.<\/p>\n<\/li>\n<li data-start=\"3269\" data-end=\"3418\">\n<p data-start=\"3271\" data-end=\"3418\"><a href=\"https:\/\/ptfesuppliers.com\/fr\/product\/ptfe-self-lubricating-bushing-low-friction-corrosion-resistant\/\" target=\"_blank\" rel=\"noopener\" data-wpil-monitor-id=\"361\">Surface \u00e0 faible friction : conserve les propri\u00e9t\u00e9s antiadh\u00e9sives et autolubrifiantes du PTFE<\/a> caract\u00e9ristiques assurant un transport fluide des fluides et une maintenance minimale.<\/p>\n<\/li>\n<\/ul>\n<h3 data-start=\"3425\" data-end=\"3442\">Applications :<\/h3>\n<ul data-start=\"3443\" data-end=\"3971\">\n<li data-start=\"3443\" data-end=\"3519\">\n<p data-start=\"3445\" data-end=\"3519\"><strong data-start=\"3445\" data-end=\"3467\">Industrie chimique :<\/strong> Pour le transport de boues corrosives et abrasives.<\/p>\n<\/li>\n<li data-start=\"3520\" data-end=\"3623\">\n<p data-start=\"3522\" data-end=\"3623\"><strong data-start=\"3522\" data-end=\"3547\">Usines p\u00e9trochimiques :<\/strong> Convient aux produits chimiques agressifs o\u00f9 la concentration en T1 est \u00e9lev\u00e9e <a href=\"https:\/\/ptfesuppliers.com\/fr\/product\/wholesale-wear-resistant-turning-milling-dimensional-anti-static-manual-ptfe-lined-pfa-valve\/\" target=\"_blank\" rel=\"noopener\" data-wpil-monitor-id=\"366\">r\u00e9sistance \u00e0 l&#039;usure<\/a> est requis.<\/p>\n<\/li>\n<li data-start=\"3624\" data-end=\"3766\">\n<p data-start=\"3626\" data-end=\"3766\"><strong data-start=\"3626\" data-end=\"3655\">Protection contre les surtensions et les surtensions\u00a0:<\/strong> Utilis\u00e9 comme conduit pour les c\u00e2bles haute tension, il assure l&#039;isolation, la r\u00e9sistance \u00e0 la corrosion et la dissipation de la chaleur.<\/p>\n<\/li>\n<li data-start=\"3767\" data-end=\"3868\">\n<p data-start=\"3769\" data-end=\"3868\"><strong data-start=\"3769\" data-end=\"3806\">Industrie pharmaceutique et agroalimentaire :<\/strong> Sans danger pour les syst\u00e8mes de manipulation de fluides propres et \u00e0 haute temp\u00e9rature.<\/p>\n<\/li>\n<li data-start=\"3869\" data-end=\"3971\">\n<p data-start=\"3871\" data-end=\"3971\"><strong data-start=\"3871\" data-end=\"3898\">Industrie des semi-conducteurs :<\/strong> Garantit une livraison fiable de r\u00e9actifs chimiques corrosifs de haute puret\u00e9.<\/p>\n<\/li>\n<\/ul>\n<h3 data-start=\"3978\" data-end=\"4022\">Pourquoi choisir nos tubes en PTFE charg\u00e9s de cuivre ?<\/h3>\n<ul data-start=\"4023\" data-end=\"4477\">\n<li data-start=\"4023\" data-end=\"4122\">\n<p data-start=\"4025\" data-end=\"4122\"><strong data-start=\"4025\" data-end=\"4045\">Double protection :<\/strong> R\u00e9sout le probl\u00e8me des environnements o\u00f9 la corrosion et l&#039;usure sont simultan\u00e9es.<\/p>\n<\/li>\n<li data-start=\"4123\" data-end=\"4221\">\n<p data-start=\"4125\" data-end=\"4221\"><strong data-start=\"4125\" data-end=\"4151\">Dur\u00e9e de vie prolong\u00e9e\u00a0:<\/strong> Plus durable que les tubes en PTFE standard, ce qui r\u00e9duit les co\u00fbts de remplacement.<\/p>\n<\/li>\n<li data-start=\"4222\" data-end=\"4341\">\n<p data-start=\"4224\" data-end=\"4341\"><strong data-start=\"4224\" data-end=\"4254\">Gestion efficace de la chaleur\u00a0:<\/strong> L&#039;am\u00e9lioration de la conductivit\u00e9 gr\u00e2ce au cuivre optimise le contr\u00f4le thermique dans les proc\u00e9d\u00e9s \u00e0 haute temp\u00e9rature.<\/p>\n<\/li>\n<li data-start=\"4342\" data-end=\"4477\">\n<p data-start=\"4344\" data-end=\"4477\"><strong data-start=\"4344\" data-end=\"4367\">Ing\u00e9nierie sur mesure\u00a0:<\/strong> Disponible avec diff\u00e9rents taux de cuivre, dimensions et sp\u00e9cifications pour r\u00e9pondre \u00e0 des besoins uniques <a href=\"https:\/\/ptfesuppliers.com\/fr\/redfilled-ptfe-skived-sheet-high-performance-industrial-needs\/\" target=\"_blank\" rel=\"noopener\" data-wpil-monitor-id=\"367\">besoins de l&#039;industrie<\/a>.<\/p>\n<\/li>\n<\/ul>","protected":false},"excerpt":{"rendered":"<p>Mat\u00e9riau : Polyt\u00e9trafluoro\u00e9thyl\u00e8ne (PTFE) charg\u00e9 de poudre de cuivre \u00e9lectrolytique<br \/>\nQualit\u00e9 : PTFE + 40% Cu, PTFE + 60% Cu (teneur personnalisable)<br \/>\nPlage de temp\u00e9rature : -200 \u00b0C \u00e0 +260 \u00b0C (plus \u00e9lev\u00e9e sur de courtes p\u00e9riodes)<br \/>\nPression de service\u00a0: 0,5 MPa \u2013 2,0 MPa (applications basse pression)<br \/>\nDensit\u00e9 : 2,2 \u2013 2,4 g\/cm\u00b3 (varie selon la teneur en cuivre)<br \/>\nR\u00e9sistance m\u00e9canique\u00a0: Stabilit\u00e9 en compression et dimensionnelle am\u00e9lior\u00e9e par rapport \u00e0 <a href=\"https:\/\/ptfesuppliers.com\/fr\/product\/customizable-size-100-pure-ptfe-skived-sheet\/\" target=\"_blank\" rel=\"noopener\" data-wpil-monitor-id=\"368\">PTFE pur<\/a><br \/>\nConductivit\u00e9 thermique : sup\u00e9rieure \u00e0 <a href=\"https:\/\/ptfesuppliers.com\/fr\/product\/100-virgin-ptfe-skiving-sheet-ptfe-skived-sheet\/\" target=\"_blank\" rel=\"noopener\" data-wpil-monitor-id=\"369\">PTFE vierge<\/a> en raison du remplissage en cuivre<br \/>\nR\u00e9sistance \u00e0 la corrosion\u00a0: H\u00e9rite de la r\u00e9sistance du PTFE \u00e0 la quasi-totalit\u00e9 des acides, des bases et des solvants organiques.<br \/>\nCoefficient de frottement : Faible, antiadh\u00e9sif et autolubrifiant<br \/>\nProcessus de fabrication : <a href=\"https:\/\/ptfesuppliers.com\/fr\/product\/virgin-material-white-color-6mm-thickness-molded-ptfe-plastic-sheet\/\" target=\"_blank\" rel=\"noopener\" data-wpil-monitor-id=\"371\">PTFE moul\u00e9 et fritt\u00e9<\/a> m\u00e9lang\u00e9 \u00e0 de la poudre de cuivre uniform\u00e9ment dispers\u00e9e<br \/>\nPersonnalisation : Disponible en diff\u00e9rents diam\u00e8tres, <a href=\"https:\/\/ptfesuppliers.com\/fr\/product\/virgin-thick-wall-ptfe-tube\/\" target=\"_blank\" rel=\"noopener\" data-wpil-monitor-id=\"370\">\u00e9paisseurs de paroi<\/a>, et les taux de remplissage en cuivre<\/p>","protected":false},"featured_media":3919,"comment_status":"closed","ping_status":"closed","template":"","meta":[],"product_brand":[],"product_cat":[35,38],"product_tag":[],"class_list":{"0":"post-710","1":"product","2":"type-product","3":"status-publish","4":"has-post-thumbnail","6":"product_cat-ptfe-products","7":"product_cat-ptfe-tube","9":"first","10":"instock","11":"shipping-taxable","12":"product-type-simple"},"gallery_images":[800,801,799],"_links":{"self":[{"href":"https:\/\/ptfesuppliers.com\/fr\/wp-json\/wp\/v2\/product\/710","targetHints":{"allow":["GET"]}}],"collection":[{"href":"https:\/\/ptfesuppliers.com\/fr\/wp-json\/wp\/v2\/product"}],"about":[{"href":"https:\/\/ptfesuppliers.com\/fr\/wp-json\/wp\/v2\/types\/product"}],"replies":[{"embeddable":true,"href":"https:\/\/ptfesuppliers.com\/fr\/wp-json\/wp\/v2\/comments?post=710"}],"wp:featuredmedia":[{"embeddable":true,"href":"https:\/\/ptfesuppliers.com\/fr\/wp-json\/wp\/v2\/media\/3919"}],"wp:attachment":[{"href":"https:\/\/ptfesuppliers.com\/fr\/wp-json\/wp\/v2\/media?parent=710"}],"wp:term":[{"taxonomy":"product_brand","embeddable":true,"href":"https:\/\/ptfesuppliers.com\/fr\/wp-json\/wp\/v2\/product_brand?post=710"},{"taxonomy":"product_cat","embeddable":true,"href":"https:\/\/ptfesuppliers.com\/fr\/wp-json\/wp\/v2\/product_cat?post=710"},{"taxonomy":"product_tag","embeddable":true,"href":"https:\/\/ptfesuppliers.com\/fr\/wp-json\/wp\/v2\/product_tag?post=710"}],"curies":[{"name":"wp","href":"https:\/\/api.w.org\/{rel}","templated":true}]}}